
{"id":14111,"date":"2025-03-24T12:21:09","date_gmt":"2025-03-24T11:21:09","guid":{"rendered":"https:\/\/www.eurotecsrl.it\/whistleblowing\/"},"modified":"2025-04-01T14:22:47","modified_gmt":"2025-04-01T12:22:47","slug":"whistleblowing","status":"publish","type":"page","link":"https:\/\/www.eurotecsrl.it\/es\/whistleblowing\/","title":{"rendered":"Whistleblowing"},"content":{"rendered":"\n<h3><strong><strong>Denuncia de delitos\/irregularidades en la relaci\u00f3n laboral (la llamada denuncia de irregularidades)<\/strong><\/strong><\/h3>\n\n\n\n<p>La&nbsp;<strong>denuncia de irregularidades corporativas<\/strong>&nbsp;es una herramienta indispensable para garantizar la&nbsp;<strong>transparencia&nbsp;<\/strong>e integridad corporativa, permitiendo denunciar de&nbsp;<strong>forma an\u00f3nima cualquier irregularidad<\/strong>.<br>El m\u00e9todo de transmisi\u00f3n de las denuncias tiene como objetivo garantizar la m\u00e1xima confidencialidad de los denunciantes tambi\u00e9n para evitar actitudes de represalia o cualquier otra forma de discriminaci\u00f3n o penalizaci\u00f3n contra ellos.<br>Eurotec garantiza la protecci\u00f3n de quienes presentan la denuncia contra cualquier forma, directa o indirecta, de represalia, discriminaci\u00f3n o penalizaci\u00f3n por motivos relacionados, directa o indirectamente, con la denuncia.<br>Al mismo tiempo, Eurotec srl se reserva el derecho de emprender cualquier acci\u00f3n contra quien realice de mala fe informaciones falsas y que sean desmentidas tras los debidos controles.<\/p>\n\n\n\n<p>Antes de continuar, <a href=\"https:\/\/www.eurotecsrl.it\/wp-content\/uploads\/2025\/04\/DIR.WHS_..01.r00-Informativa-Whistleblowing-31.03.2025.pdf\" data-type=\"URL\" data-id=\"https:\/\/www.eurotecsrl.it\/wp-content\/uploads\/2025\/04\/DIR.WHS_..01.r00-Informativa-Whistleblowing-31.03.2025.pdf\" target=\"_blank\" rel=\"noreferrer noopener\">lea la informaci\u00f3n relevante<\/a>.<\/p>\n\n\n\n<a href=\"https:\/\/www.iubenda.com\/whistleblowing-form\/es\/94f08466-fda9-4010-9e35-f9ced775e811\" class=\"iubenda-white iubenda-embed  iub-body-embed iubenda-noiframe\" title=\"Formulario de denuncia de irregularidades\">Formulario de denuncia de irregularidades<\/a><script type=\"text\/javascript\">(function (w,d) {var loader = function () {var s = d.createElement(\"script\"), tag = d.getElementsByTagName(\"script\")[0]; s.src=\"https:\/\/cdn.iubenda.com\/iubenda.js\"; tag.parentNode.insertBefore(s,tag);}; if(w.addEventListener){w.addEventListener(\"load\", loader, false);}else if(w.attachEvent){w.attachEvent(\"onload\", loader);}else{w.onload = loader;}})(window, document);<\/script>\n","protected":false},"excerpt":{"rendered":"<p>Denuncia de delitos\/irregularidades en la relaci\u00f3n laboral (la llamada denuncia de irregularidades) La&nbsp;denuncia de irregularidades corporativas&nbsp;es una herramienta indispensable para garantizar la&nbsp;transparencia&nbsp;e integridad corporativa, permitiendo denunciar de&nbsp;forma an\u00f3nima cualquier irregularidad.El m\u00e9todo de transmisi\u00f3n de las denuncias tiene como objetivo garantizar la m\u00e1xima confidencialidad de los denunciantes tambi\u00e9n para evitar actitudes de represalia o cualquier otra&#8230;<\/p>\n","protected":false},"author":1,"featured_media":0,"parent":0,"menu_order":0,"comment_status":"closed","ping_status":"closed","template":"","meta":[],"acf":[],"_links":{"self":[{"href":"https:\/\/www.eurotecsrl.it\/es\/wp-json\/wp\/v2\/pages\/14111"}],"collection":[{"href":"https:\/\/www.eurotecsrl.it\/es\/wp-json\/wp\/v2\/pages"}],"about":[{"href":"https:\/\/www.eurotecsrl.it\/es\/wp-json\/wp\/v2\/types\/page"}],"author":[{"embeddable":true,"href":"https:\/\/www.eurotecsrl.it\/es\/wp-json\/wp\/v2\/users\/1"}],"replies":[{"embeddable":true,"href":"https:\/\/www.eurotecsrl.it\/es\/wp-json\/wp\/v2\/comments?post=14111"}],"version-history":[{"count":3,"href":"https:\/\/www.eurotecsrl.it\/es\/wp-json\/wp\/v2\/pages\/14111\/revisions"}],"predecessor-version":[{"id":14130,"href":"https:\/\/www.eurotecsrl.it\/es\/wp-json\/wp\/v2\/pages\/14111\/revisions\/14130"}],"wp:attachment":[{"href":"https:\/\/www.eurotecsrl.it\/es\/wp-json\/wp\/v2\/media?parent=14111"}],"curies":[{"name":"wp","href":"https:\/\/api.w.org\/{rel}","templated":true}]}}