
{"id":13733,"date":"2023-03-16T09:52:48","date_gmt":"2023-03-16T08:52:48","guid":{"rendered":"https:\/\/www.eurotecsrl.it\/datenschutzpolitik\/"},"modified":"2023-03-16T10:19:39","modified_gmt":"2023-03-16T09:19:39","slug":"politica-de-privacidad","status":"publish","type":"page","link":"https:\/\/www.eurotecsrl.it\/es\/politica-de-privacidad\/","title":{"rendered":"Pol\u00edtica de privacidad"},"content":{"rendered":"\n<p>Eurotec S.r.l. (en adelante tambi\u00e9n denominada &#8220;Eurotec&#8221;), con sede en Via Fiume Po n\u00b0192, 24040 Stezzano (Bg), en calidad de Titular del tratamiento, reconoce la importancia de mantener la confidencialidad, integridad y seguridad de los datos personales y, de conformidad con el art. 13 del Reglamento (UE) 2016\/679 (en adelante, &#8220;GPDR&#8221;), informa que los datos personales comunicados a trav\u00e9s del sitio web www.eurotecsrl.it, ser\u00e1n tratados de conformidad con la legislaci\u00f3n europea vigente en materia de privacidad.<br><\/p>\n\n\n\n<p><strong>1. Tipo y fuente de los datos<\/strong><\/p>\n\n\n\n<p><strong>Datos de navegaci\u00f3n<\/strong><br>Los sistemas inform\u00e1ticos y los procedimientos de software utilizados para hacer funcionar el Sitio adquieren, en el curso de su funcionamiento normal, determinados datos personales (denominados archivos de registro) cuya transmisi\u00f3n est\u00e1 impl\u00edcita en el uso de los protocolos de comunicaci\u00f3n de Internet. Esta informaci\u00f3n no se recoge para ser asociada a interesados identificados, pero por su propia naturaleza podr\u00eda, mediante su tratamiento y asociaci\u00f3n con datos en poder de terceros, permitir identificar a los usuarios. Esta categor\u00eda incluye las direcciones IP o los nombres de dominio de los ordenadores utilizados por los usuarios que se conectan al Sitio, las direcciones en notaci\u00f3n URI (Uniform Resource Identifier) de los recursos solicitados, la hora de la solicitud, el m\u00e9todo utilizado para enviar la solicitud al servidor, el tama\u00f1o del archivo obtenido como respuesta, el c\u00f3digo num\u00e9rico que indica el estado de la respuesta dada por el servidor (correcto, error, etc.) y otros par\u00e1metros relativos al sistema operativo y al entorno inform\u00e1tico del usuario. Estos datos se utilizan con el \u00fanico fin de obtener informaci\u00f3n estad\u00edstica an\u00f3nima sobre el uso del Sitio y comprobar su correcto funcionamiento.<\/p>\n\n\n\n<p><strong>Cookies<\/strong><br>Para garantizar el funcionamiento del Sitio y mejorar el servicio ofrecido, se utilizan cookies en el Sitio. Las cookies son peque\u00f1os archivos de texto que los sitios visitados por el usuario env\u00edan al terminal del usuario (normalmente al navegador), donde se almacenan y se vuelven a transmitir a los mismos sitios la pr\u00f3xima vez que los visite el mismo usuario. Para obtener m\u00e1s informaci\u00f3n, conocer las cookies utilizadas en el Sitio y desactivar y\/o denegar el consentimiento, consulte la <strong>pol\u00edtica de cookies (enlace)<\/strong>.<\/p>\n\n\n\n<p><strong>Datos personales facilitados voluntariamente por el interesado<\/strong><br>Eurotec recoge y trata los datos personales facilitados directamente y con conocimiento de causa por el usuario a trav\u00e9s del Sitio al rellenar el formulario de las secciones &#8220;Contacte con nosotros&#8221; y &#8220;Suscr\u00edbase al bolet\u00edn de noticias&#8221;. Estos datos son el nombre, el tel\u00e9fono y la direcci\u00f3n de correo electr\u00f3nico. \u00a0<br>El env\u00edo facultativo, expl\u00edcito y voluntario de correo electr\u00f3nico a la direcci\u00f3n indicada en el Sitio conlleva la posterior adquisici\u00f3n de la direcci\u00f3n del remitente, necesaria para responder a las solicitudes, as\u00ed como de cualquier otro dato personal incluido en el mensaje enviado.<br><\/p>\n\n\n\n<p><strong>2. Finalidad del tratamiento de datos y base jur\u00eddica\u00a0<\/strong><br>Los datos personales se utilizar\u00e1n para responder y satisfacer cualquier solicitud del usuario y, por tanto, para gestionar la relaci\u00f3n precontractual con Eurotec (por ejemplo, solicitar informaci\u00f3n, preparar presupuestos), as\u00ed como, previo consentimiento expreso, para suscribir al usuario al bolet\u00edn de informaci\u00f3n comercial.\u00a0<br>Para los fines descritos anteriormente, la base jur\u00eddica que legitima el tratamiento reside en la necesidad de disponer de los datos personales para la ejecuci\u00f3n de medidas precontractuales adoptadas a petici\u00f3n del interesado (ex art 6 lett b) GDPR), y en el consentimiento, para el env\u00edo de comunicaciones comerciales por correo electr\u00f3nico (ex art 6 lett a) GDPR). Le informamos de que el consentimiento prestado podr\u00e1 ser revocado libremente por el usuario en cualquier momento dirigi\u00e9ndose por escrito al Responsable del Tratamiento en la direcci\u00f3n info@eurotecsrl.it.\u00a0<br><\/p>\n\n\n\n<p><strong>3. Modalidades de tratamiento<\/strong><br>Los datos personales se tratar\u00e1n mediante instrumentos electr\u00f3nicos adecuados o tratamiento manual en papel, con una l\u00f3gica estrictamente relacionada con los fines para los que se recogieron los datos personales y, en cualquier caso, de forma que se garantice la seguridad y confidencialidad de los datos.<br><\/p>\n\n\n\n<p><strong>4. Naturaleza de la concesi\u00f3n<\/strong><br>Aparte de lo especificado para los datos de navegaci\u00f3n, el suministro de datos personales es opcional, pero tenga en cuenta que el hecho de no proporcionar dichos datos imposibilitar\u00e1 que el Responsable del Tratamiento proceda con las actividades descritas. Por lo tanto, si desea recibir informaci\u00f3n sobre los servicios y productos de Eurotec, realizar una solicitud de contacto o suscribirse al bolet\u00edn de informaci\u00f3n comercial, deber\u00e1 rellenar los campos indicados del correspondiente formulario de recogida de datos.<br><\/p>\n\n\n\n<p><strong>5. Comunicaci\u00f3n y difusi\u00f3n de datos<\/strong><br>Los datos personales, en la medida en que sean necesarios y\/o instrumentales para la ejecuci\u00f3n de las finalidades arriba mencionadas, podr\u00e1n ser tratados por cuenta de Eurotec por sujetos autorizados a tratarlos en el \u00e1mbito de las funciones laborales asignadas, y eventualmente por sujetos externos encargados de prestar servicios de diversa naturaleza, como, a t\u00edtulo de ejemplo, mantenimiento y asistencia del Sitio y de los relativos Servicios, env\u00edo de boletines informativos por correo electr\u00f3nico. Estos \u00faltimos son designados por el Responsable del Tratamiento como Encargados Externos del Tratamiento.\u00a0<br>Los datos personales no se transferir\u00e1n FUERA de la UE y en ning\u00fan caso se divulgar\u00e1n a partes no especificadas.<br><\/p>\n\n\n\n<p><strong>6. Duraci\u00f3n del tratamiento<\/strong><br>Para los fines descritos anteriormente (ejecuci\u00f3n de medidas precontractuales a petici\u00f3n del interesado), los datos personales s\u00f3lo se conservar\u00e1n durante el tiempo necesario para ponerse en contacto con el interesado a fin de recibir informaci\u00f3n y\/o presupuestos. Para el env\u00edo de comunicaciones comerciales por correo electr\u00f3nico (suscripci\u00f3n al bolet\u00edn), los datos se conservar\u00e1n durante un m\u00e1ximo de 24 meses.\u00a0<br>Al final del per\u00edodo de conservaci\u00f3n prescrito, Eurotec eliminar\u00e1 los datos personales utilizados para las actividades descritas.<br><\/p>\n\n\n\n<p><strong>8. Derechos del interesado<\/strong><br>Le recordamos que puede ejercer en cualquier momento los derechos previstos en los art\u00edculos 15 a 21 del RGPD y, en particular, solicitar informaci\u00f3n sobre la existencia y las caracter\u00edsticas del tratamiento de sus datos personales, la rectificaci\u00f3n, supresi\u00f3n o limitaci\u00f3n del tratamiento, oponerse al tratamiento y\/o solicitar la transmisi\u00f3n de sus datos personales a otro responsable del tratamiento.<br>Para ejercer sus derechos, as\u00ed como para recibir cualquier informaci\u00f3n relativa a los mismos y\/o al presente Aviso Informativo, puede ponerse en contacto con el Responsable del Tratamiento escribiendo a Eurotec a la direcci\u00f3n de correo electr\u00f3nico info@eurotecsrl.it. Tambi\u00e9n es posible presentar una reclamaci\u00f3n ante la Autoridad Garante, de conformidad con el art. 77 GDPR.\u00a0<\/p>\n","protected":false},"excerpt":{"rendered":"<p>Eurotec S.r.l. (en adelante tambi\u00e9n denominada &#8220;Eurotec&#8221;), con sede en Via Fiume Po n\u00b0192, 24040 Stezzano (Bg), en calidad de Titular del tratamiento, reconoce la importancia de mantener la confidencialidad, integridad y seguridad de los datos personales y, de conformidad con el art. 13 del Reglamento (UE) 2016\/679 (en adelante, &#8220;GPDR&#8221;), informa que los datos&#8230;<\/p>\n","protected":false},"author":1,"featured_media":0,"parent":0,"menu_order":0,"comment_status":"closed","ping_status":"closed","template":"","meta":[],"acf":[],"_links":{"self":[{"href":"https:\/\/www.eurotecsrl.it\/es\/wp-json\/wp\/v2\/pages\/13733"}],"collection":[{"href":"https:\/\/www.eurotecsrl.it\/es\/wp-json\/wp\/v2\/pages"}],"about":[{"href":"https:\/\/www.eurotecsrl.it\/es\/wp-json\/wp\/v2\/types\/page"}],"author":[{"embeddable":true,"href":"https:\/\/www.eurotecsrl.it\/es\/wp-json\/wp\/v2\/users\/1"}],"replies":[{"embeddable":true,"href":"https:\/\/www.eurotecsrl.it\/es\/wp-json\/wp\/v2\/comments?post=13733"}],"version-history":[{"count":1,"href":"https:\/\/www.eurotecsrl.it\/es\/wp-json\/wp\/v2\/pages\/13733\/revisions"}],"predecessor-version":[{"id":13735,"href":"https:\/\/www.eurotecsrl.it\/es\/wp-json\/wp\/v2\/pages\/13733\/revisions\/13735"}],"wp:attachment":[{"href":"https:\/\/www.eurotecsrl.it\/es\/wp-json\/wp\/v2\/media?parent=13733"}],"curies":[{"name":"wp","href":"https:\/\/api.w.org\/{rel}","templated":true}]}}