
{"id":11252,"date":"2020-12-10T17:42:51","date_gmt":"2020-12-10T16:42:51","guid":{"rendered":"https:\/\/eurotecsrl.beprime.it\/processo-produttivo\/"},"modified":"2022-03-11T17:34:03","modified_gmt":"2022-03-11T16:34:03","slug":"el-proceso-de-produccion","status":"publish","type":"page","link":"https:\/\/www.eurotecsrl.it\/es\/el-proceso-de-produccion\/","title":{"rendered":"El proceso de producci\u00f3n"},"content":{"rendered":"\t\t<div data-elementor-type=\"wp-page\" data-elementor-id=\"11252\" class=\"elementor elementor-11252 elementor-8129\" data-elementor-settings=\"[]\">\n\t\t\t\t\t\t<div class=\"elementor-inner\">\n\t\t\t\t\t\t\t<div class=\"elementor-section-wrap\">\n\t\t\t\t\t\t\t<section class=\"elementor-section elementor-top-section elementor-element elementor-element-967c3b2 elementor-section-stretched elementor-section-full_width elementor-section-height-default elementor-section-height-default\" data-id=\"967c3b2\" data-element_type=\"section\" data-settings=\"{&quot;stretch_section&quot;:&quot;section-stretched&quot;}\">\n\t\t\t\t\t\t<div class=\"elementor-container elementor-column-gap-no\">\n\t\t\t\t\t\t\t<div class=\"elementor-row\">\n\t\t\t\t\t<div class=\"elementor-column elementor-col-100 elementor-top-column elementor-element elementor-element-00da95a\" data-id=\"00da95a\" data-element_type=\"column\">\n\t\t\t<div class=\"elementor-column-wrap elementor-element-populated\">\n\t\t\t\t\t\t\t<div class=\"elementor-widget-wrap\">\n\t\t\t\t\t\t<div class=\"elementor-element elementor-element-05b3df2 elementor-widget elementor-widget-r-energy-page-hero-section\" data-id=\"05b3df2\" data-element_type=\"widget\" data-widget_type=\"r-energy-page-hero-section.default\">\n\t\t\t\t<div class=\"elementor-widget-container\">\n\t\t\t<div class=\"promo-primary\"><div class=\"overlay\"><\/div><picture><source srcset=\"https:\/\/www.eurotecsrl.it\/wp-content\/uploads\/2020\/12\/eurotec-processo.jpg\" media=\"(min-width: 992px)\"\/><img class=\"img-bg\" src=\"https:\/\/www.eurotecsrl.it\/wp-content\/uploads\/2020\/12\/eurotec-processo.jpg\" alt=\"eurotec-processo.jpg\"\/><\/picture><div class=\"container\"><div class=\"row\"><div class=\"col-12\"><div class=\"align-container\"><div class=\"align-item\"><span class=\"site__name\">Eurotec srl<\/span><h1 class=\"title\">El proceso de producci\u00f3n<\/h1><div class=\"nt-breadcrumbs\"><ul class=\"nt-breadcrumbs-list\"><li class=\"bitem\"><span><a class=\"breadcrumbs__link\" href=\"https:\/\/www.eurotecsrl.it\/es\/\"><span>Home<\/span><\/a><\/span><\/li><\/ul><\/div><\/div><\/div><\/div><\/div><\/div><\/div>\t\t<\/div>\n\t\t\t\t<\/div>\n\t\t\t\t\t\t<\/div>\n\t\t\t\t\t<\/div>\n\t\t<\/div>\n\t\t\t\t\t\t\t\t<\/div>\n\t\t\t\t\t<\/div>\n\t\t<\/section>\n\t\t\t\t<div class=\"elementor-section elementor-top-section elementor-element elementor-element-8ea518f elementor-section-stretched elementor-section-full_width nt-section section no-padding-bottom elementor-section-height-default elementor-section-height-default\" data-id=\"8ea518f\" data-element_type=\"section\" data-settings=\"{&quot;stretch_section&quot;:&quot;section-stretched&quot;}\">\n\t\t\t\t\t\t<div class=\"elementor-container elementor-column-gap-no\">\n\t\t\t\t\t\t\t<div class=\"elementor-row\">\n\t\t\t\t\t<div class=\"elementor-column elementor-col-100 elementor-top-column elementor-element elementor-element-633b187\" data-id=\"633b187\" data-element_type=\"column\">\n\t\t\t<div class=\"elementor-column-wrap elementor-element-populated\">\n\t\t\t\t\t\t\t<div class=\"elementor-widget-wrap\">\n\t\t\t\t\t\t<div class=\"elementor-element elementor-element-cc73aa0 elementor-widget elementor-widget-r-energy-section-heading\" data-id=\"cc73aa0\" data-element_type=\"widget\" data-widget_type=\"r-energy-section-heading.default\">\n\t\t\t\t<div class=\"elementor-widget-container\">\n\t\t\t<div class=\"heading primary-heading\"><h5 class=\"subtitle\"><span>El proceso de producci\u00f3n en<\/span> <span style=\"color:#e30613\">Eurotec<\/span><\/h5><\/div>\t\t<\/div>\n\t\t\t\t<\/div>\n\t\t\t\t<div class=\"elementor-section elementor-inner-section elementor-element elementor-element-67880b1 elementor-section-boxed elementor-section-height-default elementor-section-height-default\" data-id=\"67880b1\" data-element_type=\"section\">\n\t\t\t\t\t\t<div class=\"elementor-container elementor-column-gap-no\">\n\t\t\t\t\t\t\t<div class=\"elementor-row\">\n\t\t\t\t\t<div class=\"elementor-column elementor-col-100 elementor-inner-column elementor-element elementor-element-ada9b95\" data-id=\"ada9b95\" data-element_type=\"column\">\n\t\t\t<div class=\"elementor-column-wrap\">\n\t\t\t\t\t\t\t<div class=\"elementor-widget-wrap\">\n\t\t\t\t\t\t\t\t<\/div>\n\t\t\t\t\t<\/div>\n\t\t<\/div>\n\t\t\t\t\t\t\t\t<\/div>\n\t\t\t\t\t<\/div>\n\t\t<\/div>\n\t\t\t\t<div class=\"elementor-section elementor-inner-section elementor-element elementor-element-927763e elementor-section-boxed elementor-section-height-default elementor-section-height-default\" data-id=\"927763e\" data-element_type=\"section\">\n\t\t\t\t\t\t<div class=\"elementor-container elementor-column-gap-no\">\n\t\t\t\t\t\t\t<div class=\"elementor-row\">\n\t\t\t\t\t<div class=\"elementor-column elementor-col-100 elementor-inner-column elementor-element elementor-element-2f9cc4e\" data-id=\"2f9cc4e\" data-element_type=\"column\">\n\t\t\t<div class=\"elementor-column-wrap elementor-element-populated\">\n\t\t\t\t\t\t\t<div class=\"elementor-widget-wrap\">\n\t\t\t\t\t\t<div class=\"elementor-element elementor-element-64323db elementor-widget elementor-widget-r-energy-features-one-section\" data-id=\"64323db\" data-element_type=\"widget\" data-widget_type=\"r-energy-features-one-section.default\">\n\t\t\t\t<div class=\"elementor-widget-container\">\n\t\t\t<div class=\"features\"><div class=\"container\"><div class=\"row no-gutters features-item\"><div class=\"col-lg-6 column\"><div class=\"img-holder\"><img class=\"img-bg\" src=\"http:\/\/www.eurotecsrl.it\/wp-content\/uploads\/2022\/03\/processo-01-es.jpg\" alt=\"processo-01-es.jpg\"\/><\/div><\/div><div class=\"col-lg-6 column\"><div class=\"text-holder\"><h3 class=\"title\">Marco<\/h3><p>El marco se fabrica en chapa galvanizada o bien en acero inoxidable 304\/316, cobre, aluminio, lat\u00f3n o chapa de hierro decapada, y esta dise\u00f1ado para proteger debidamente el paquete de aletas y los codos. Los orificios de los tubos de la placa de tubos se acoplan posteriormente con una aleta del mismo material del paquete de aletas para crear collarines que permitan el libre deslizamiento de los tubos. De esta forma se eliminan posibles incisiones y roturas en los tubos debido a las dilataciones t\u00e9rmicas.<\/p><\/div><\/div><\/div><div class=\"row no-gutters features-item\"><div class=\"col-lg-6 column\"><div class=\"img-holder\"><img class=\"img-bg\" src=\"http:\/\/www.eurotecsrl.it\/wp-content\/uploads\/2022\/03\/processo-02-es.jpg\" alt=\"processo-02-es.jpg\"\/><\/div><\/div><div class=\"col-lg-6 column\"><div class=\"text-holder\"><h3 class=\"title\">Paquete de aletas<\/h3><p>El paquete de aletas est\u00e1 formado por aletas y los materiales para fabricarlas se pueden seleccionar desde nuestro programa de c\u00e1lculo. Las aletas disponen de un collar\u00edn de altura variable que permite determinar la separaci\u00f3n de las aletas. Su superficie est\u00e1 corrugada para aumentar su estabilidad y generar una turbulencia del aire que incrementar\u00e1 el coeficiente de intercambio t\u00e9rmico. Adem\u00e1s, este tipo de superficie impide la acumulaci\u00f3n de polvo en el interior del paquete de aletas y facilita la eliminaci\u00f3n de la condensaci\u00f3n.<\/p><a class=\"with--line\" href=\"\/es\/intercambiador-de-calor\/\"><span>Intercambiador de calor<\/span><\/a><\/div><\/div><\/div><\/div><\/div>\t\t<\/div>\n\t\t\t\t<\/div>\n\t\t\t\t\t\t<\/div>\n\t\t\t\t\t<\/div>\n\t\t<\/div>\n\t\t\t\t\t\t\t\t<\/div>\n\t\t\t\t\t<\/div>\n\t\t<\/div>\n\t\t\t\t<div class=\"elementor-section elementor-inner-section elementor-element elementor-element-3bc18ab elementor-section-boxed elementor-section-height-default elementor-section-height-default\" data-id=\"3bc18ab\" data-element_type=\"section\">\n\t\t\t\t\t\t<div class=\"elementor-container elementor-column-gap-no\">\n\t\t\t\t\t\t\t<div class=\"elementor-row\">\n\t\t\t\t\t<div class=\"elementor-column elementor-col-100 elementor-inner-column elementor-element elementor-element-a0e7354\" data-id=\"a0e7354\" data-element_type=\"column\">\n\t\t\t<div class=\"elementor-column-wrap elementor-element-populated\">\n\t\t\t\t\t\t\t<div class=\"elementor-widget-wrap\">\n\t\t\t\t\t\t<div class=\"elementor-element elementor-element-63eb57f elementor-widget elementor-widget-r-energy-features-one-section\" data-id=\"63eb57f\" data-element_type=\"widget\" data-widget_type=\"r-energy-features-one-section.default\">\n\t\t\t\t<div class=\"elementor-widget-container\">\n\t\t\t<div class=\"features\"><div class=\"container\"><div class=\"row no-gutters features-item\"><div class=\"col-lg-6 column\"><div class=\"img-holder\"><img class=\"img-bg\" src=\"http:\/\/www.eurotecsrl.it\/wp-content\/uploads\/2022\/03\/processo-03-es.jpg\" alt=\"processo-03-es.jpg\"\/><\/div><\/div><div class=\"col-lg-6 column\"><div class=\"text-holder\"><h3 class=\"title\">Tubos<\/h3><p>Ofrecemos diversos tipos de tubos, tanto en lo que se refiere al di\u00e1metro como al acabado interior, para que el intercambiador t\u00e9rmico se adapte mejor a la aplicaci\u00f3n deseada. El tubo esta\u00f1ado ejerce una acci\u00f3n anticorrosiva, mientras que el tubo acanalado permite un intercambio energ\u00e9tico muy superior respecto a un tubo con una superficie interna lisa. Los tubos para intercambiadores con una longitud de aletas de hasta 4.000 mm se realizan con una dobladora de tubos y, cuando la longitud de las aletas es superior, con una enderezadora o cortadora de tubos. Eurotec presta una atenci\u00f3n especial a la fase de expansi\u00f3n mec\u00e1nica de los tubos porque el contacto de los tubos con las aletas tiene que ser perfecto para optimizar el intercambio t\u00e9rmico.<\/p><\/div><\/div><\/div><div class=\"row no-gutters features-item\"><div class=\"col-lg-6 column\"><div class=\"img-holder\"><img class=\"img-bg\" src=\"http:\/\/www.eurotecsrl.it\/wp-content\/uploads\/2022\/03\/processo-04-es.jpg\" alt=\"processo-04-es.jpg\"\/><\/div><\/div><div class=\"col-lg-6 column\"><div class=\"text-holder\"><h3 class=\"title\">Colectores<\/h3><p>Los colectores de los intercambiadores, fabricados internamente, se realizan en cobre mediante un centro de trabajo y una bombeadora de \u00faltima generaci\u00f3n. Los extremos opuestos de los colectores se realizan de manera distinta seg\u00fan el tipo de funcionamiento de cada intercambiador.<\/p><\/div><\/div><\/div><div class=\"row no-gutters features-item\"><div class=\"col-lg-6 column\"><div class=\"img-holder\"><img class=\"img-bg\" src=\"http:\/\/www.eurotecsrl.it\/wp-content\/uploads\/2022\/03\/processo-05-es.jpg\" alt=\"processo-05-es.jpg\"\/><\/div><\/div><div class=\"col-lg-6 column\"><div class=\"text-holder\"><h3 class=\"title\">Soldadura<\/h3><p>EUROTEC utiliza operarios especializados y certificados en la cobresoldadura. La cobresoldadura es un proceso que permite unir varios tipos de materiales met\u00e1licos y se basa en la fusi\u00f3n y la solidificaci\u00f3n de \u00fanicamente el material de aporte.<\/p><\/div><\/div><\/div><div class=\"row no-gutters features-item\"><div class=\"col-lg-6 column\"><div class=\"img-holder\"><img class=\"img-bg\" src=\"http:\/\/www.eurotecsrl.it\/wp-content\/uploads\/2022\/03\/processo-06-es.jpg\" alt=\"processo-06-es.jpg\"\/><\/div><\/div><div class=\"col-lg-6 column\"><div class=\"text-holder\"><h3 class=\"title\">Ensayo<\/h3><p>Todos nuestros intercambiadores t\u00e9rmicos se someten a rigurosas pruebas de estanquidad a las fugas antes del env\u00edo.  Eurotec dispone de una tina en la que se prueban todos nuestros productos a una presi\u00f3n variable entre 20 y 55 bar.  Todos los intercambiadores que funcionan con fre\u00f3n se entregan cerrados herm\u00e9ticamente y cargados con nitr\u00f3geno.<\/p><\/div><\/div><\/div><div class=\"row no-gutters features-item\"><div class=\"col-lg-6 column\"><div class=\"img-holder\"><img class=\"img-bg\" src=\"http:\/\/www.eurotecsrl.it\/wp-content\/uploads\/2022\/03\/processo-07-es.jpg\" alt=\"processo-07-es.jpg\"\/><\/div><\/div><div class=\"col-lg-6 column\"><div class=\"text-holder\"><h3 class=\"title\">Embalaje<\/h3><p>Para los env\u00edos est\u00e1ndar disponemos de palets a medida, sobre los que se fija y embala correctamente el producto. Si se solicita, podemos suministrar jaulas protectoras de madera, con posibilidad de a\u00f1adir tambi\u00e9n el tratamiento ISPM15 FAO para la exportaci\u00f3n.<\/p><\/div><\/div><\/div><\/div><\/div>\t\t<\/div>\n\t\t\t\t<\/div>\n\t\t\t\t\t\t<\/div>\n\t\t\t\t\t<\/div>\n\t\t<\/div>\n\t\t\t\t\t\t\t\t<\/div>\n\t\t\t\t\t<\/div>\n\t\t<\/div>\n\t\t\t\t\t\t<\/div>\n\t\t\t\t\t<\/div>\n\t\t<\/div>\n\t\t\t\t\t\t\t\t<\/div>\n\t\t\t\t\t<\/div>\n\t\t<\/div>\n\t\t\t\t<section class=\"elementor-section elementor-top-section elementor-element elementor-element-b2c2fcc elementor-section-height-min-height elementor-section-boxed elementor-section-height-default elementor-section-items-middle\" data-id=\"b2c2fcc\" data-element_type=\"section\">\n\t\t\t\t\t\t<div class=\"elementor-container elementor-column-gap-default\">\n\t\t\t\t\t\t\t<div class=\"elementor-row\">\n\t\t\t\t\t<div class=\"elementor-column elementor-col-100 elementor-top-column elementor-element elementor-element-4315d83\" data-id=\"4315d83\" data-element_type=\"column\">\n\t\t\t<div class=\"elementor-column-wrap\">\n\t\t\t\t\t\t\t<div class=\"elementor-widget-wrap\">\n\t\t\t\t\t\t\t\t<\/div>\n\t\t\t\t\t<\/div>\n\t\t<\/div>\n\t\t\t\t\t\t\t\t<\/div>\n\t\t\t\t\t<\/div>\n\t\t<\/section>\n\t\t\t\t\t\t<\/div>\n\t\t\t\t\t\t<\/div>\n\t\t\t\t\t<\/div>\n\t\t","protected":false},"excerpt":{"rendered":"<p>Eurotec srl El proceso de producci\u00f3n Home El proceso de producci\u00f3n en Eurotec Marco El marco se fabrica en chapa galvanizada o bien en acero inoxidable 304\/316, cobre, aluminio, lat\u00f3n o chapa de hierro decapada, y esta dise\u00f1ado para proteger debidamente el paquete de aletas y los codos. Los orificios de los tubos de la&#8230;<\/p>\n","protected":false},"author":1,"featured_media":0,"parent":0,"menu_order":0,"comment_status":"closed","ping_status":"closed","template":"r-energy-elementor-page.php","meta":[],"acf":[],"_links":{"self":[{"href":"https:\/\/www.eurotecsrl.it\/es\/wp-json\/wp\/v2\/pages\/11252"}],"collection":[{"href":"https:\/\/www.eurotecsrl.it\/es\/wp-json\/wp\/v2\/pages"}],"about":[{"href":"https:\/\/www.eurotecsrl.it\/es\/wp-json\/wp\/v2\/types\/page"}],"author":[{"embeddable":true,"href":"https:\/\/www.eurotecsrl.it\/es\/wp-json\/wp\/v2\/users\/1"}],"replies":[{"embeddable":true,"href":"https:\/\/www.eurotecsrl.it\/es\/wp-json\/wp\/v2\/comments?post=11252"}],"version-history":[{"count":18,"href":"https:\/\/www.eurotecsrl.it\/es\/wp-json\/wp\/v2\/pages\/11252\/revisions"}],"predecessor-version":[{"id":11485,"href":"https:\/\/www.eurotecsrl.it\/es\/wp-json\/wp\/v2\/pages\/11252\/revisions\/11485"}],"wp:attachment":[{"href":"https:\/\/www.eurotecsrl.it\/es\/wp-json\/wp\/v2\/media?parent=11252"}],"curies":[{"name":"wp","href":"https:\/\/api.w.org\/{rel}","templated":true}]}}