
{"id":11198,"date":"2020-12-10T19:12:05","date_gmt":"2020-12-10T18:12:05","guid":{"rendered":"https:\/\/eurotecsrl.beprime.it\/applicazioni\/"},"modified":"2022-10-19T15:57:09","modified_gmt":"2022-10-19T13:57:09","slug":"aplicaciones","status":"publish","type":"page","link":"https:\/\/www.eurotecsrl.it\/es\/aplicaciones\/","title":{"rendered":"Aplicaciones"},"content":{"rendered":"\t\t<div data-elementor-type=\"wp-page\" data-elementor-id=\"11198\" class=\"elementor elementor-11198 elementor-8166\" data-elementor-settings=\"[]\">\n\t\t\t\t\t\t<div class=\"elementor-inner\">\n\t\t\t\t\t\t\t<div class=\"elementor-section-wrap\">\n\t\t\t\t\t\t\t<section class=\"elementor-section elementor-top-section elementor-element elementor-element-f188249 elementor-section-stretched elementor-section-full_width elementor-section-height-default elementor-section-height-default\" data-id=\"f188249\" data-element_type=\"section\" data-settings=\"{&quot;stretch_section&quot;:&quot;section-stretched&quot;}\">\n\t\t\t\t\t\t<div class=\"elementor-container elementor-column-gap-no\">\n\t\t\t\t\t\t\t<div class=\"elementor-row\">\n\t\t\t\t\t<div class=\"elementor-column elementor-col-100 elementor-top-column elementor-element elementor-element-4371377\" data-id=\"4371377\" data-element_type=\"column\">\n\t\t\t<div class=\"elementor-column-wrap elementor-element-populated\">\n\t\t\t\t\t\t\t<div class=\"elementor-widget-wrap\">\n\t\t\t\t\t\t<div class=\"elementor-element elementor-element-173c9b4 elementor-widget elementor-widget-r-energy-page-hero-section\" data-id=\"173c9b4\" data-element_type=\"widget\" data-widget_type=\"r-energy-page-hero-section.default\">\n\t\t\t\t<div class=\"elementor-widget-container\">\n\t\t\t<div class=\"promo-primary\"><div class=\"overlay\"><\/div><picture><source srcset=\"https:\/\/www.eurotecsrl.it\/wp-content\/uploads\/2020\/12\/eurotec-settori.jpg\" media=\"(min-width: 992px)\"\/><img class=\"img-bg\" src=\"https:\/\/www.eurotecsrl.it\/wp-content\/uploads\/2020\/12\/eurotec-settori.jpg\" alt=\"eurotec-settori.jpg\"\/><\/picture><div class=\"container\"><div class=\"row\"><div class=\"col-12\"><div class=\"align-container\"><div class=\"align-item\"><span class=\"site__name\">Eurotec srl<\/span><h1 class=\"title\">Applicazioni<\/h1><div class=\"nt-breadcrumbs\"><ul class=\"nt-breadcrumbs-list\"><li class=\"bitem\"><span><a class=\"breadcrumbs__link\" href=\"https:\/\/www.eurotecsrl.it\/es\/\"><span>Home<\/span><\/a><\/span><\/li><\/ul><\/div><\/div><\/div><\/div><\/div><\/div><\/div>\t\t<\/div>\n\t\t\t\t<\/div>\n\t\t\t\t\t\t<\/div>\n\t\t\t\t\t<\/div>\n\t\t<\/div>\n\t\t\t\t\t\t\t\t<\/div>\n\t\t\t\t\t<\/div>\n\t\t<\/section>\n\t\t\t\t<div class=\"elementor-section elementor-top-section elementor-element elementor-element-7fac4e4 elementor-section-stretched elementor-section-full_width nt-section section default-indent elementor-section-height-default elementor-section-height-default\" data-id=\"7fac4e4\" data-element_type=\"section\" data-settings=\"{&quot;stretch_section&quot;:&quot;section-stretched&quot;}\">\n\t\t\t\t\t\t<div class=\"elementor-container elementor-column-gap-no\">\n\t\t\t\t\t\t\t<div class=\"elementor-row\">\n\t\t\t\t\t<div class=\"elementor-column elementor-col-100 elementor-top-column elementor-element elementor-element-3847b17\" data-id=\"3847b17\" data-element_type=\"column\">\n\t\t\t<div class=\"elementor-column-wrap elementor-element-populated\">\n\t\t\t\t\t\t\t<div class=\"elementor-widget-wrap\">\n\t\t\t\t\t\t<div class=\"elementor-element elementor-element-799ce07 elementor-widget elementor-widget-r-energy-services-section\" data-id=\"799ce07\" data-element_type=\"widget\" data-widget_type=\"r-energy-services-section.default\">\n\t\t\t\t<div class=\"elementor-widget-container\">\n\t\t\t<div class=\"services-inner services-inner--style-3\"><div class=\"container\"><div class=\"row margin-bottom\"><div class=\"col-xl-7 col-lg-6\"><div class=\"heading primary-heading inner-heading\"><div class=\"title-holder\"><div class=\"title-block\"><h3 class=\"title\">LAS APLICACIONES DE LOS PRODUCTOS EUROTEC<\/h3><p class=\"subtitle\"><span style=\"color: #e30613; margin-right: 8px;\">.<\/span>Mercados <br\/>y sectorese<\/p><\/div><\/div><\/div><\/div><div class=\"col-xl-5 col-lg-6\"><div class=\"heading-description\"><p>Gracias a la experiencia y a los conocimientos adquiridos en estos a\u00f1os unidos a una gran profesionalidad, EUROTEC es capaz de introducirse en diversos mercados y sectores.<\/p><\/div><\/div><\/div><\/div><div class=\"content-holder\"><span class=\"info\">LAS APLICACIONES DE LOS PRODUCTOS EUROTEC<\/span><div class=\"content\"><div class=\"container\"><div class=\"row offset-margin justify-content-sm-center\"><div class=\"col-sm-8 col-md-6 col-lg-4\"><div class=\"info-box\"><div class=\"info-box__img\"><img src=\"http:\/\/www.eurotecsrl.it\/wp-content\/uploads\/2020\/12\/eurotec-settori-navale.jpg\" alt=\"eurotec-settori-navale.jpg\"\/><\/div><div class=\"info-box__category\">Naval<\/div><div class=\"info-box__description\"><div class=\"info-box__number\">01<\/div><div class=\"info-box__inner\"><h4 class=\"info-box__title\">Naval<i class=\"fa fa-chevron-right\" aria-hidden=\"true\"><\/i><\/h4><div class=\"info-box__hidden\"><p>Fabricaci\u00f3n de intercambiadores de calor para la industria naval y mar\u00edtima con referencias de compa\u00f1\u00edas para cruceros.<\/p>\n<\/div><\/div><\/div><\/div><\/div><div class=\"col-sm-8 col-md-6 col-lg-4\"><div class=\"info-box\"><div class=\"info-box__img\"><img src=\"http:\/\/www.eurotecsrl.it\/wp-content\/uploads\/2020\/12\/eurotec-settori-alimentare.jpg\" alt=\"eurotec-settori-alimentare.jpg\"\/><\/div><div class=\"info-box__category\">Alimentaria<\/div><div class=\"info-box__description\"><div class=\"info-box__number\">02<\/div><div class=\"info-box__inner\"><h4 class=\"info-box__title\">Alimentaria<i class=\"fa fa-chevron-right\" aria-hidden=\"true\"><\/i><\/h4><div class=\"info-box__hidden\"><p>Plantas de secado, f\u00e1bricas de pasta, embutidos y conservas.<\/p>\n<\/div><\/div><\/div><\/div><\/div><div class=\"col-sm-8 col-md-6 col-lg-4\"><div class=\"info-box\"><div class=\"info-box__img\"><img src=\"http:\/\/www.eurotecsrl.it\/wp-content\/uploads\/2020\/12\/eurotec-settori-automotive.jpg\" alt=\"eurotec-settori-automotive.jpg\"\/><\/div><div class=\"info-box__category\">Automoci\u00f3n<\/div><div class=\"info-box__description\"><div class=\"info-box__number\">03<\/div><div class=\"info-box__inner\"><h4 class=\"info-box__title\">Automoci\u00f3n<i class=\"fa fa-chevron-right\" aria-hidden=\"true\"><\/i><\/h4><div class=\"info-box__hidden\"><p>Se utilizan para el enfriamiento de veh\u00edculos comerciales, el precalentamiento de fluidos, la climatizaci\u00f3n y la refrigeraci\u00f3n en el interior de veh\u00edculos y trenes.<\/p>\n<\/div><\/div><\/div><\/div><\/div><div class=\"col-sm-8 col-md-6 col-lg-4\"><div class=\"info-box\"><div class=\"info-box__img\"><img src=\"http:\/\/www.eurotecsrl.it\/wp-content\/uploads\/2020\/12\/eurotec-settori-ospedale.jpg\" alt=\"eurotec-settori-ospedale.jpg\"\/><\/div><div class=\"info-box__category\">Hospitalario<\/div><div class=\"info-box__description\"><div class=\"info-box__number\">04<\/div><div class=\"info-box__inner\"><h4 class=\"info-box__title\">Hospitalario<i class=\"fa fa-chevron-right\" aria-hidden=\"true\"><\/i><\/h4><div class=\"info-box__hidden\"><p>Bater\u00edas suministradas con diversos tipos de tratamientos y materiales para proteger las condiciones higi\u00e9nicas y la reducci\u00f3n de las bacterias.<\/p>\n<\/div><\/div><\/div><\/div><\/div><div class=\"col-sm-8 col-md-6 col-lg-4\"><div class=\"info-box\"><div class=\"info-box__img\"><img src=\"http:\/\/www.eurotecsrl.it\/wp-content\/uploads\/2020\/12\/eurotec-settori-centro.jpg\" alt=\"eurotec-settori-centro.jpg\"\/><\/div><div class=\"info-box__category\">Centros comerciales<\/div><div class=\"info-box__description\"><div class=\"info-box__number\">05<\/div><div class=\"info-box__inner\"><h4 class=\"info-box__title\">Centros comerciales<i class=\"fa fa-chevron-right\" aria-hidden=\"true\"><\/i><\/h4><div class=\"info-box__hidden\"><p>Sistema de recuperaci\u00f3n energ\u00e9tica de alta eficiencia calculada con nuestro software interno. Puede estar formado por una bater\u00eda en impulsi\u00f3n y una en recuperaci\u00f3n, o por m\u00e1s bater\u00edas sin contaminaci\u00f3n entre los dos flujos.<\/p>\n<\/div><\/div><\/div><\/div><\/div><\/div><\/div><\/div><\/div><\/div>\t\t<\/div>\n\t\t\t\t<\/div>\n\t\t\t\t\t\t<\/div>\n\t\t\t\t\t<\/div>\n\t\t<\/div>\n\t\t\t\t\t\t\t\t<\/div>\n\t\t\t\t\t<\/div>\n\t\t<\/div>\n\t\t\t\t\t\t<\/div>\n\t\t\t\t\t\t<\/div>\n\t\t\t\t\t<\/div>\n\t\t","protected":false},"excerpt":{"rendered":"<p>Eurotec srl Applicazioni Home LAS APLICACIONES DE LOS PRODUCTOS EUROTEC .Mercados y sectorese Gracias a la experiencia y a los conocimientos adquiridos en estos a\u00f1os unidos a una gran profesionalidad, EUROTEC es capaz de introducirse en diversos mercados y sectores. LAS APLICACIONES DE LOS PRODUCTOS EUROTECNaval01 Naval Fabricaci\u00f3n de intercambiadores de calor para la industria&#8230;<\/p>\n","protected":false},"author":1,"featured_media":0,"parent":0,"menu_order":0,"comment_status":"closed","ping_status":"closed","template":"r-energy-elementor-page.php","meta":[],"acf":[],"_links":{"self":[{"href":"https:\/\/www.eurotecsrl.it\/es\/wp-json\/wp\/v2\/pages\/11198"}],"collection":[{"href":"https:\/\/www.eurotecsrl.it\/es\/wp-json\/wp\/v2\/pages"}],"about":[{"href":"https:\/\/www.eurotecsrl.it\/es\/wp-json\/wp\/v2\/types\/page"}],"author":[{"embeddable":true,"href":"https:\/\/www.eurotecsrl.it\/es\/wp-json\/wp\/v2\/users\/1"}],"replies":[{"embeddable":true,"href":"https:\/\/www.eurotecsrl.it\/es\/wp-json\/wp\/v2\/comments?post=11198"}],"version-history":[{"count":17,"href":"https:\/\/www.eurotecsrl.it\/es\/wp-json\/wp\/v2\/pages\/11198\/revisions"}],"predecessor-version":[{"id":13462,"href":"https:\/\/www.eurotecsrl.it\/es\/wp-json\/wp\/v2\/pages\/11198\/revisions\/13462"}],"wp:attachment":[{"href":"https:\/\/www.eurotecsrl.it\/es\/wp-json\/wp\/v2\/media?parent=11198"}],"curies":[{"name":"wp","href":"https:\/\/api.w.org\/{rel}","templated":true}]}}