
{"id":14110,"date":"2025-03-24T12:21:09","date_gmt":"2025-03-24T11:21:09","guid":{"rendered":"https:\/\/www.eurotecsrl.it\/whistleblowing\/"},"modified":"2025-04-01T14:23:04","modified_gmt":"2025-04-01T12:23:04","slug":"whistleblowing","status":"publish","type":"page","link":"https:\/\/www.eurotecsrl.it\/de\/whistleblowing\/","title":{"rendered":"Whistleblowing"},"content":{"rendered":"\n<h3><strong><strong>Meldung von Straftaten\/Unregelm\u00e4\u00dfigkeiten im Arbeitsverh\u00e4ltnis (sog. Whistleblowing)<\/strong><\/strong><\/h3>\n\n\n\n<p>Corporate Whistleblowing ist ein unverzichtbares Instrument zur Gew\u00e4hrleistung der Transparenz und Integrit\u00e4t des Unternehmens und erm\u00f6glicht die anonyme Meldung etwaiger Unregelm\u00e4\u00dfigkeiten.<br>Die Art und Weise der \u00dcbermittlung von Meldungen zielt darauf ab, ein H\u00f6chstma\u00df an Vertraulichkeit gegen\u00fcber den Hinweisgebern zu gew\u00e4hrleisten, auch um Vergeltungsma\u00dfnahmen oder jede andere Form der Diskriminierung oder Bestrafung gegen sie zu vermeiden.<br>Eurotec garantiert den Schutz derjenigen, die die Meldung einreichen, vor jeglicher Form direkter oder indirekter Vergeltung, Diskriminierung oder Bestrafung aus Gr\u00fcnden, die direkt oder indirekt mit der Meldung in Zusammenhang stehen.<br>Gleichzeitig beh\u00e4lt sich Eurotec srl das Recht vor, gegen jeden vorzugehen, der in b\u00f6ser Absicht unwahre Meldungen macht, die nach ordnungsgem\u00e4\u00dfer Pr\u00fcfung widerlegt werden.<\/p>\n\n\n\n<p>Bevor Sie fortfahren, lesen Sie die <a href=\"https:\/\/www.eurotecsrl.it\/wp-content\/uploads\/2025\/04\/DIR.WHS_..01.r00-Informativa-Whistleblowing-31.03.2025.pdf\" data-type=\"URL\" data-id=\"https:\/\/www.eurotecsrl.it\/wp-content\/uploads\/2025\/04\/DIR.WHS_..01.r00-Informativa-Whistleblowing-31.03.2025.pdf\" target=\"_blank\" rel=\"noreferrer noopener\">relevanten Informationen<\/a>.<\/p>\n\n\n\n<a href=\"https:\/\/www.iubenda.com\/whistleblowing-form\/de\/94f08466-fda9-4010-9e35-f9ced775e811\" class=\"iubenda-white iubenda-embed  iub-body-embed iubenda-noiframe\" title=\"Whistleblower-Formular\">Whistleblower-Formular<\/a><script type=\"text\/javascript\">(function (w,d) {var loader = function () {var s = d.createElement(\"script\"), tag = d.getElementsByTagName(\"script\")[0]; s.src=\"https:\/\/cdn.iubenda.com\/iubenda.js\"; tag.parentNode.insertBefore(s,tag);}; if(w.addEventListener){w.addEventListener(\"load\", loader, false);}else if(w.attachEvent){w.attachEvent(\"onload\", loader);}else{w.onload = loader;}})(window, document);<\/script>\n","protected":false},"excerpt":{"rendered":"<p>Meldung von Straftaten\/Unregelm\u00e4\u00dfigkeiten im Arbeitsverh\u00e4ltnis (sog. Whistleblowing) Corporate Whistleblowing ist ein unverzichtbares Instrument zur Gew\u00e4hrleistung der Transparenz und Integrit\u00e4t des Unternehmens und erm\u00f6glicht die anonyme Meldung etwaiger Unregelm\u00e4\u00dfigkeiten.Die Art und Weise der \u00dcbermittlung von Meldungen zielt darauf ab, ein H\u00f6chstma\u00df an Vertraulichkeit gegen\u00fcber den Hinweisgebern zu gew\u00e4hrleisten, auch um Vergeltungsma\u00dfnahmen oder jede andere Form der&#8230;<\/p>\n","protected":false},"author":1,"featured_media":0,"parent":0,"menu_order":0,"comment_status":"closed","ping_status":"closed","template":"","meta":[],"acf":[],"_links":{"self":[{"href":"https:\/\/www.eurotecsrl.it\/de\/wp-json\/wp\/v2\/pages\/14110"}],"collection":[{"href":"https:\/\/www.eurotecsrl.it\/de\/wp-json\/wp\/v2\/pages"}],"about":[{"href":"https:\/\/www.eurotecsrl.it\/de\/wp-json\/wp\/v2\/types\/page"}],"author":[{"embeddable":true,"href":"https:\/\/www.eurotecsrl.it\/de\/wp-json\/wp\/v2\/users\/1"}],"replies":[{"embeddable":true,"href":"https:\/\/www.eurotecsrl.it\/de\/wp-json\/wp\/v2\/comments?post=14110"}],"version-history":[{"count":4,"href":"https:\/\/www.eurotecsrl.it\/de\/wp-json\/wp\/v2\/pages\/14110\/revisions"}],"predecessor-version":[{"id":14126,"href":"https:\/\/www.eurotecsrl.it\/de\/wp-json\/wp\/v2\/pages\/14110\/revisions\/14126"}],"wp:attachment":[{"href":"https:\/\/www.eurotecsrl.it\/de\/wp-json\/wp\/v2\/media?parent=14110"}],"curies":[{"name":"wp","href":"https:\/\/api.w.org\/{rel}","templated":true}]}}