
{"id":13729,"date":"2023-03-16T09:52:48","date_gmt":"2023-03-16T08:52:48","guid":{"rendered":"https:\/\/www.eurotecsrl.it\/privacy-policy-2\/"},"modified":"2023-03-16T10:13:05","modified_gmt":"2023-03-16T09:13:05","slug":"datenschutzpolitik","status":"publish","type":"page","link":"https:\/\/www.eurotecsrl.it\/de\/datenschutzpolitik\/","title":{"rendered":"Datenschutzpolitik"},"content":{"rendered":"\n<p>Eurotec S.r.l. (im Folgenden auch \u201eEurotec\u201c genannt) mit Sitz in Via Fiume Po n\u00b0192, 24040 Stezzano (Bg), ist sich in seiner Eigenschaft als Datenverantwortlicher der Bedeutung der Wahrung der Vertraulichkeit, der Integrit\u00e4t und der Sicherheit der personenbezogenen Daten bewusst und hat gem\u00e4\u00df Art. 13 der Verordnung (EU) 2016\/679 (im Folgenden \u201eDSGVO\u201c) informiert, dass personenbezogene Daten, die \u00fcber die Website www.eurotecsrl.it \u00fcbermittelt werden, im Einklang mit den geltenden europ\u00e4ischen Datenschutzvorschriften verarbeitet werden.<br><\/p>\n\n\n\n<p><strong>1. Art und Quelle der Daten<\/strong><br><strong><br>Navigationsdaten<\/strong><br>Die f\u00fcr den Betrieb der Website verwendeten Computersysteme und Softwareverfahren erfassen im Laufe ihres normalen Betriebs bestimmte personenbezogene Daten (so genannte Logfiles), deren \u00dcbertragung bei der Verwendung von Internet-Kommunikationsprotokollen implizit ist. Diese Informationen werden nicht erhoben, um mit identifizierten Personen in Verbindung gebracht zu werden, sondern k\u00f6nnten aufgrund ihrer Beschaffenheit durch die Verarbeitung und Verkn\u00fcpfung mit Daten im Besitz von Dritten die Identifizierung von Nutzern erm\u00f6glichen. Zu dieser Kategorie geh\u00f6ren die IP-Adressen oder Dom\u00e4nennamen der Computer, die von den Nutzern f\u00fcr die Verbindung mit der Website verwendet werden, die URI (Uniform Resource Identifier)-Adressen der angeforderten Ressourcen, die Uhrzeit der Anfrage, die f\u00fcr die \u00dcbermittlung der Anfrage an den Server verwendete Methode, die Gr\u00f6\u00dfe der als Antwort erhaltenen Datei, der numerische Code, der den Status der vom Server gegebenen Antwort angibt (erfolgreich, Fehler usw.), sowie andere Parameter, die sich auf das Betriebssystem und die Computerumgebung des Nutzers beziehen. Diese Daten werden ausschlie\u00dflich dazu verwendet, um anonyme statistische Informationen \u00fcber die Nutzung der Website zu erhalten und ihr ordnungsgem\u00e4\u00dfes Funktionieren zu \u00fcberpr\u00fcfen.<\/p>\n\n\n\n<p><strong>Cookies<\/strong><br>Um das Funktionieren der Website zu gew\u00e4hrleisten und den angebotenen Service zu verbessern, werden auf der Website Cookies verwendet. Cookies sind kleine Textdateien, die von den vom Nutzer besuchten Websites an das Endger\u00e4t des Nutzers (in der Regel an den Browser) gesendet werden, wo sie gespeichert und dann beim n\u00e4chsten Besuch desselben Nutzers an dieselben Websites zur\u00fcckgesendet werden. Weitere Informationen zu den auf der Website verwendeten Cookies und zur Deaktivierung und\/oder Verweigerung der Zustimmung finden Sie in der <strong>Cookie-Richtlinie (Link)<\/strong>.<\/p>\n\n\n\n<p><strong>Personenbezogene Daten, die von der betroffenen Person freiwillig zur Verf\u00fcgung gestellt werden<\/strong><br>Eurotec sammelt und verarbeitet personenbezogene Daten, die der Benutzer direkt und wissentlich \u00fcber die Website zur Verf\u00fcgung stellt, wenn er das Formular in den Bereichen \u201eKontakt\u201c und \u201eNewsletter abonnieren\u201c ausf\u00fcllt. Diese Daten sind Name, Telefon und E-Mail-Adresse. &nbsp;<br>Die fakultative, ausdr\u00fcckliche und freiwillige Zusendung von elektronischer Post an die auf der Website angegebene Adresse hat zur Folge, dass die Adresse des Absenders, die f\u00fcr die Beantwortung von Anfragen erforderlich ist, sowie alle anderen in der gesendeten Nachricht enthaltenen personenbezogenen Daten erfasst werden.<br><\/p>\n\n\n\n<p><strong>2. Zweck der Datenverarbeitung und Rechtsgrundlage&nbsp;<\/strong><br>Die personenbezogenen Daten werden zur Beantwortung und Befriedigung von Anfragen des Nutzers und somit zur Verwaltung der vorvertraglichen Beziehung mit Eurotec (z. B. Anforderung von Informationen, Erstellung von Kostenvoranschl\u00e4gen) sowie, vorbehaltlich der ausdr\u00fccklichen Zustimmung, zur Anmeldung des Nutzers f\u00fcr den kommerziellen Informationsbrief verwendet.&nbsp;<br>F\u00fcr die oben beschriebenen Zwecke liegt die Rechtsgrundlage f\u00fcr die Verarbeitung in der Notwendigkeit, die personenbezogenen Daten f\u00fcr die Durchf\u00fchrung vorvertraglicher Ma\u00dfnahmen auf Antrag der betroffenen Person zur Verf\u00fcgung zu haben (gem\u00e4\u00df Art. 6, Punkt&nbsp;b) DSGVO), und in der Zustimmung zum Versand von kommerziellen Mitteilungen per E-Mail (gem\u00e4\u00df Art. 6, Punkt&nbsp;a) DSGVO). Bitte beachten Sie, dass die erteilte Einwilligung jederzeit vom Nutzer frei widerrufen werden kann, indem er sich schriftlich an den f\u00fcr die Verarbeitung Verantwortlichen unter info@eurotecsrl.it wendet.<br><\/p>\n\n\n\n<p><strong>3. Modalit\u00e4ten der Verarbeitung<\/strong><br>Die Verarbeitung der personenbezogenen Daten erfolgt mit Hilfe geeigneter elektronischer Hilfsmittel oder durch manuelle Verarbeitung auf Papier, mit einer Logik, die sich streng an den Zwecken orientiert, f\u00fcr die die personenbezogenen Daten erhoben wurden, und in jedem Fall so, dass die Sicherheit und Vertraulichkeit der Daten gew\u00e4hrleistet ist.<br><\/p>\n\n\n\n<p><strong>4. Art der \u00dcbermittlung<\/strong><br>Abgesehen von den Angaben zu den Browsing-Daten ist die \u00dcbermittlung personenbezogener Daten fakultativ. Wir weisen jedoch darauf hin, dass der f\u00fcr die Verarbeitung Verantwortliche bei Nichtbereitstellung dieser Daten nicht in der Lage ist, die beschriebenen T\u00e4tigkeiten auszuf\u00fchren. Wenn Sie also Informationen \u00fcber die Dienstleistungen und Produkte von Eurotec erhalten, eine Kontaktanfrage stellen oder den Newsletter mit kommerziellen Informationen abonnieren m\u00f6chten, m\u00fcssen Sie die entsprechenden Felder des entsprechenden Datenerfassungsformulars ausf\u00fcllen.<br><\/p>\n\n\n\n<p><strong>5. Kommunikation und Verbreitung von Daten<\/strong><br>Die personenbezogenen Daten k\u00f6nnen im Namen von Eurotec von Personen verarbeitet werden, die im Rahmen der ihnen zugewiesenen Arbeitsaufgaben zur Verarbeitung dieser Daten befugt sind, sowie m\u00f6glicherweise von externen Parteien, die mit der Erbringung von Dienstleistungen verschiedener Art beauftragt sind, wie z. B. Wartung und Unterst\u00fctzung der Website und der zugeh\u00f6rigen Dienste, Versendung von Newslettern per E-Mail, soweit dies f\u00fcr die Ausf\u00fchrung der oben genannten Zwecke erforderlich und\/oder hilfreich ist. Letztere werden von dem f\u00fcr die Datenverarbeitung Verantwortlichen als externe Auftragsverarbeiter beauftragt.&nbsp;<br>Personenbezogene Daten werden nicht AUSSERHALB der EU \u00fcbertragen und unter keinen Umst\u00e4nden an nicht n\u00e4her bezeichnete Parteien weitergegeben.<br><\/p>\n\n\n\n<p><strong>6. Dauer der Verarbeitung<\/strong><br>Zu den oben beschriebenen Zwecken (Durchf\u00fchrung vorvertraglicher Ma\u00dfnahmen auf Antrag der betroffenen Person) werden personenbezogene Daten nur so lange aufbewahrt, wie es f\u00fcr die Kontaktaufnahme mit der betroffenen Person erforderlich ist, um Informationen und\/oder Angebote zu erhalten. Zum Zwecke der Zusendung von kommerziellen Mitteilungen per E-Mail (Newsletter-Abonnement) werden die Daten maximal 24&nbsp;Monate gespeichert.&nbsp;<br>Nach Ablauf der vorgeschriebenen Aufbewahrungsfrist l\u00f6scht Eurotec die f\u00fcr die beschriebenen Aktivit\u00e4ten verwendeten personenbezogenen Daten.<br><\/p>\n\n\n\n<p><strong>8. Rechte der betroffenen Person<\/strong><br>Wir erinnern Sie daran, dass Sie jederzeit die in den Artikeln&nbsp;15 bis 21 der DSGVO vorgesehenen Rechte aus\u00fcben und insbesondere Auskunft \u00fcber das Vorhandensein und die Merkmale der Verarbeitung Ihrer personenbezogenen Daten, die Berichtigung, L\u00f6schung oder Einschr\u00e4nkung der Verarbeitung, den Widerspruch gegen die Verarbeitung und\/oder die \u00dcbermittlung Ihrer personenbezogenen Daten an einen anderen f\u00fcr die Verarbeitung Verantwortlichen verlangen k\u00f6nnen.<br>Um Ihre Rechte auszu\u00fcben und Informationen zu diesen Rechten und\/oder zu diesem Informationsblatt zu erhalten, k\u00f6nnen Sie sich an den f\u00fcr die Verarbeitung Verantwortlichen wenden, indem Sie sich schriftlich an Eurotec unter der E-Mail-Adresse info@eurotecsrl.it wenden. Es besteht auch die M\u00f6glichkeit, eine Beschwerde bei der Garantiebeh\u00f6rde gem\u00e4\u00df Artikel 77 DSGVO einzureichen.&nbsp;<\/p>\n","protected":false},"excerpt":{"rendered":"<p>Eurotec S.r.l. (im Folgenden auch \u201eEurotec\u201c genannt) mit Sitz in Via Fiume Po n\u00b0192, 24040 Stezzano (Bg), ist sich in seiner Eigenschaft als Datenverantwortlicher der Bedeutung der Wahrung der Vertraulichkeit, der Integrit\u00e4t und der Sicherheit der personenbezogenen Daten bewusst und hat gem\u00e4\u00df Art. 13 der Verordnung (EU) 2016\/679 (im Folgenden \u201eDSGVO\u201c) informiert, dass personenbezogene Daten,&#8230;<\/p>\n","protected":false},"author":1,"featured_media":0,"parent":0,"menu_order":0,"comment_status":"closed","ping_status":"closed","template":"","meta":[],"acf":[],"_links":{"self":[{"href":"https:\/\/www.eurotecsrl.it\/de\/wp-json\/wp\/v2\/pages\/13729"}],"collection":[{"href":"https:\/\/www.eurotecsrl.it\/de\/wp-json\/wp\/v2\/pages"}],"about":[{"href":"https:\/\/www.eurotecsrl.it\/de\/wp-json\/wp\/v2\/types\/page"}],"author":[{"embeddable":true,"href":"https:\/\/www.eurotecsrl.it\/de\/wp-json\/wp\/v2\/users\/1"}],"replies":[{"embeddable":true,"href":"https:\/\/www.eurotecsrl.it\/de\/wp-json\/wp\/v2\/comments?post=13729"}],"version-history":[{"count":2,"href":"https:\/\/www.eurotecsrl.it\/de\/wp-json\/wp\/v2\/pages\/13729\/revisions"}],"predecessor-version":[{"id":13732,"href":"https:\/\/www.eurotecsrl.it\/de\/wp-json\/wp\/v2\/pages\/13729\/revisions\/13732"}],"wp:attachment":[{"href":"https:\/\/www.eurotecsrl.it\/de\/wp-json\/wp\/v2\/media?parent=13729"}],"curies":[{"name":"wp","href":"https:\/\/api.w.org\/{rel}","templated":true}]}}