
{"id":11384,"date":"2020-12-10T19:12:05","date_gmt":"2020-12-10T18:12:05","guid":{"rendered":"https:\/\/eurotecsrl.beprime.it\/applicazioni\/"},"modified":"2022-10-19T15:55:33","modified_gmt":"2022-10-19T13:55:33","slug":"anwendungen","status":"publish","type":"page","link":"https:\/\/www.eurotecsrl.it\/de\/anwendungen\/","title":{"rendered":"Anwendungen"},"content":{"rendered":"\t\t<div data-elementor-type=\"wp-page\" data-elementor-id=\"11384\" class=\"elementor elementor-11384 elementor-8166\" data-elementor-settings=\"[]\">\n\t\t\t\t\t\t<div class=\"elementor-inner\">\n\t\t\t\t\t\t\t<div class=\"elementor-section-wrap\">\n\t\t\t\t\t\t\t<section class=\"elementor-section elementor-top-section elementor-element elementor-element-f188249 elementor-section-stretched elementor-section-full_width elementor-section-height-default elementor-section-height-default\" data-id=\"f188249\" data-element_type=\"section\" data-settings=\"{&quot;stretch_section&quot;:&quot;section-stretched&quot;}\">\n\t\t\t\t\t\t<div class=\"elementor-container elementor-column-gap-no\">\n\t\t\t\t\t\t\t<div class=\"elementor-row\">\n\t\t\t\t\t<div class=\"elementor-column elementor-col-100 elementor-top-column elementor-element elementor-element-4371377\" data-id=\"4371377\" data-element_type=\"column\">\n\t\t\t<div class=\"elementor-column-wrap elementor-element-populated\">\n\t\t\t\t\t\t\t<div class=\"elementor-widget-wrap\">\n\t\t\t\t\t\t<div class=\"elementor-element elementor-element-173c9b4 elementor-widget elementor-widget-r-energy-page-hero-section\" data-id=\"173c9b4\" data-element_type=\"widget\" data-widget_type=\"r-energy-page-hero-section.default\">\n\t\t\t\t<div class=\"elementor-widget-container\">\n\t\t\t<div class=\"promo-primary\"><div class=\"overlay\"><\/div><picture><source srcset=\"https:\/\/www.eurotecsrl.it\/wp-content\/uploads\/2020\/12\/eurotec-settori.jpg\" media=\"(min-width: 992px)\"\/><img class=\"img-bg\" src=\"https:\/\/www.eurotecsrl.it\/wp-content\/uploads\/2020\/12\/eurotec-settori.jpg\" alt=\"eurotec-settori.jpg\"\/><\/picture><div class=\"container\"><div class=\"row\"><div class=\"col-12\"><div class=\"align-container\"><div class=\"align-item\"><span class=\"site__name\">Eurotec srl<\/span><h1 class=\"title\">Anwendungen<\/h1><div class=\"nt-breadcrumbs\"><ul class=\"nt-breadcrumbs-list\"><li class=\"bitem\"><span><a class=\"breadcrumbs__link\" href=\"https:\/\/www.eurotecsrl.it\/de\/\"><span>Home<\/span><\/a><\/span><\/li><\/ul><\/div><\/div><\/div><\/div><\/div><\/div><\/div>\t\t<\/div>\n\t\t\t\t<\/div>\n\t\t\t\t\t\t<\/div>\n\t\t\t\t\t<\/div>\n\t\t<\/div>\n\t\t\t\t\t\t\t\t<\/div>\n\t\t\t\t\t<\/div>\n\t\t<\/section>\n\t\t\t\t<div class=\"elementor-section elementor-top-section elementor-element elementor-element-7fac4e4 elementor-section-stretched elementor-section-full_width nt-section section default-indent elementor-section-height-default elementor-section-height-default\" data-id=\"7fac4e4\" data-element_type=\"section\" data-settings=\"{&quot;stretch_section&quot;:&quot;section-stretched&quot;}\">\n\t\t\t\t\t\t<div class=\"elementor-container elementor-column-gap-no\">\n\t\t\t\t\t\t\t<div class=\"elementor-row\">\n\t\t\t\t\t<div class=\"elementor-column elementor-col-100 elementor-top-column elementor-element elementor-element-3847b17\" data-id=\"3847b17\" data-element_type=\"column\">\n\t\t\t<div class=\"elementor-column-wrap elementor-element-populated\">\n\t\t\t\t\t\t\t<div class=\"elementor-widget-wrap\">\n\t\t\t\t\t\t<div class=\"elementor-element elementor-element-799ce07 elementor-widget elementor-widget-r-energy-services-section\" data-id=\"799ce07\" data-element_type=\"widget\" data-widget_type=\"r-energy-services-section.default\">\n\t\t\t\t<div class=\"elementor-widget-container\">\n\t\t\t<div class=\"services-inner services-inner--style-3\"><div class=\"container\"><div class=\"row margin-bottom\"><div class=\"col-xl-7 col-lg-6\"><div class=\"heading primary-heading inner-heading\"><div class=\"title-holder\"><div class=\"title-block\"><h3 class=\"title\">DIE ANWENDUNGEN DER EUROTEC PRODUKTE<\/h3><p class=\"subtitle\"><span style=\"color: #e30613; margin-right: 8px;\">.<\/span>M\u00e4rkte und<br>Branchen<\/p><\/div><\/div><\/div><\/div><div class=\"col-xl-5 col-lg-6\"><div class=\"heading-description\"><p>Dank des im Laufe von Jahren gereiften Erfahrungsschatzes und Know-hows, verbunden mit hoher Professionalit\u00e4t, ist EUROTEC in der Lage, an diversen M\u00e4rkten und in unterschiedlichen Branchen aktiv zu sein.<\/p><\/div><\/div><\/div><\/div><div class=\"content-holder\"><span class=\"info\">DIE ANWENDUNGEN DER EUROTEC PRODUKTE<\/span><div class=\"content\"><div class=\"container\"><div class=\"row offset-margin justify-content-sm-center\"><div class=\"col-sm-8 col-md-6 col-lg-4\"><div class=\"info-box\"><div class=\"info-box__img\"><img src=\"http:\/\/www.eurotecsrl.it\/wp-content\/uploads\/2020\/12\/eurotec-settori-navale.jpg\" alt=\"eurotec-settori-navale.jpg\"\/><\/div><div class=\"info-box__category\">Schiffsbau<\/div><div class=\"info-box__description\"><div class=\"info-box__number\">01<\/div><div class=\"info-box__inner\"><h4 class=\"info-box__title\">Schiffsbau<i class=\"fa fa-chevron-right\" aria-hidden=\"true\"><\/i><\/h4><div class=\"info-box__hidden\"><p>Produktion von W\u00e4rmetauschern f\u00fcr die Schiffsindustrie und Offshore mit Referenzen von Gesellschaften, die Kreuzfahrtschiffe bauen.<\/p>\n<\/div><\/div><\/div><\/div><\/div><div class=\"col-sm-8 col-md-6 col-lg-4\"><div class=\"info-box\"><div class=\"info-box__img\"><img src=\"http:\/\/www.eurotecsrl.it\/wp-content\/uploads\/2020\/12\/eurotec-settori-alimentare.jpg\" alt=\"eurotec-settori-alimentare.jpg\"\/><\/div><div class=\"info-box__category\">Lebensmittel<\/div><div class=\"info-box__description\"><div class=\"info-box__number\">02<\/div><div class=\"info-box__inner\"><h4 class=\"info-box__title\">Lebensmittel<i class=\"fa fa-chevron-right\" aria-hidden=\"true\"><\/i><\/h4><div class=\"info-box__hidden\"><p>Trocknungsanlagen, Teigwarenfabriken, Wurst- und Schinkenhersteller und Konservierung.<\/p>\n<\/div><\/div><\/div><\/div><\/div><div class=\"col-sm-8 col-md-6 col-lg-4\"><div class=\"info-box\"><div class=\"info-box__img\"><img src=\"http:\/\/www.eurotecsrl.it\/wp-content\/uploads\/2020\/12\/eurotec-settori-automotive.jpg\" alt=\"eurotec-settori-automotive.jpg\"\/><\/div><div class=\"info-box__category\">Automotive<\/div><div class=\"info-box__description\"><div class=\"info-box__number\">03<\/div><div class=\"info-box__inner\"><h4 class=\"info-box__title\">Automotive<i class=\"fa fa-chevron-right\" aria-hidden=\"true\"><\/i><\/h4><div class=\"info-box__hidden\"><p>Sie werden f\u00fcr die K\u00fchlung von Nutzfahrzeugen, die Vorw\u00e4rmung von Fl\u00fcssigkeiten, die Klimatisierung und f\u00fcr K\u00fchlanlagen in Fahrzeugen und Z\u00fcgen verwendet.<\/p>\n<\/div><\/div><\/div><\/div><\/div><div class=\"col-sm-8 col-md-6 col-lg-4\"><div class=\"info-box\"><div class=\"info-box__img\"><img src=\"http:\/\/www.eurotecsrl.it\/wp-content\/uploads\/2020\/12\/eurotec-settori-ospedale.jpg\" alt=\"eurotec-settori-ospedale.jpg\"\/><\/div><div class=\"info-box__category\">Krankenhaus<\/div><div class=\"info-box__description\"><div class=\"info-box__number\">04<\/div><div class=\"info-box__inner\"><h4 class=\"info-box__title\">Krankenhaus<i class=\"fa fa-chevron-right\" aria-hidden=\"true\"><\/i><\/h4><div class=\"info-box__hidden\"><p>F\u00fcr jede Art von Behandlung sowie Material zur Aufrechterhaltung der hygienischen Bedingungen und zur Reduzierung der Bakterien.<\/p>\n<\/div><\/div><\/div><\/div><\/div><div class=\"col-sm-8 col-md-6 col-lg-4\"><div class=\"info-box\"><div class=\"info-box__img\"><img src=\"http:\/\/www.eurotecsrl.it\/wp-content\/uploads\/2020\/12\/eurotec-settori-centro.jpg\" alt=\"eurotec-settori-centro.jpg\"\/><\/div><div class=\"info-box__category\">Centri Commerciali<\/div><div class=\"info-box__description\"><div class=\"info-box__number\">05<\/div><div class=\"info-box__inner\"><h4 class=\"info-box__title\">Einkaufszentren<i class=\"fa fa-chevron-right\" aria-hidden=\"true\"><\/i><\/h4><div class=\"info-box__hidden\"><p>Hochleistungsf\u00e4hige Systeme zur Wiederverwertung der Energie, die mit unserer internen Software kalkuliert werden und aus einem W\u00e4rmetauscher f\u00fcr den Zufluss und einem f\u00fcr die Wiederaufnahme oder aus mehreren W\u00e4rmetauschern ohne Gefahr der Mischung zwischen den zwei Fl\u00fcssen bestehen k\u00f6nnen.<\/p>\n<\/div><\/div><\/div><\/div><\/div><\/div><\/div><\/div><\/div><\/div>\t\t<\/div>\n\t\t\t\t<\/div>\n\t\t\t\t\t\t<\/div>\n\t\t\t\t\t<\/div>\n\t\t<\/div>\n\t\t\t\t\t\t\t\t<\/div>\n\t\t\t\t\t<\/div>\n\t\t<\/div>\n\t\t\t\t\t\t<\/div>\n\t\t\t\t\t\t<\/div>\n\t\t\t\t\t<\/div>\n\t\t","protected":false},"excerpt":{"rendered":"<p>Eurotec srl Anwendungen Home DIE ANWENDUNGEN DER EUROTEC PRODUKTE .M\u00e4rkte undBranchen Dank des im Laufe von Jahren gereiften Erfahrungsschatzes und Know-hows, verbunden mit hoher Professionalit\u00e4t, ist EUROTEC in der Lage, an diversen M\u00e4rkten und in unterschiedlichen Branchen aktiv zu sein. DIE ANWENDUNGEN DER EUROTEC PRODUKTESchiffsbau01 Schiffsbau Produktion von W\u00e4rmetauschern f\u00fcr die Schiffsindustrie und Offshore mit&#8230;<\/p>\n","protected":false},"author":1,"featured_media":0,"parent":0,"menu_order":0,"comment_status":"closed","ping_status":"closed","template":"r-energy-elementor-page.php","meta":[],"acf":[],"_links":{"self":[{"href":"https:\/\/www.eurotecsrl.it\/de\/wp-json\/wp\/v2\/pages\/11384"}],"collection":[{"href":"https:\/\/www.eurotecsrl.it\/de\/wp-json\/wp\/v2\/pages"}],"about":[{"href":"https:\/\/www.eurotecsrl.it\/de\/wp-json\/wp\/v2\/types\/page"}],"author":[{"embeddable":true,"href":"https:\/\/www.eurotecsrl.it\/de\/wp-json\/wp\/v2\/users\/1"}],"replies":[{"embeddable":true,"href":"https:\/\/www.eurotecsrl.it\/de\/wp-json\/wp\/v2\/comments?post=11384"}],"version-history":[{"count":14,"href":"https:\/\/www.eurotecsrl.it\/de\/wp-json\/wp\/v2\/pages\/11384\/revisions"}],"predecessor-version":[{"id":13456,"href":"https:\/\/www.eurotecsrl.it\/de\/wp-json\/wp\/v2\/pages\/11384\/revisions\/13456"}],"wp:attachment":[{"href":"https:\/\/www.eurotecsrl.it\/de\/wp-json\/wp\/v2\/media?parent=11384"}],"curies":[{"name":"wp","href":"https:\/\/api.w.org\/{rel}","templated":true}]}}