
{"id":11369,"date":"2020-12-10T17:42:51","date_gmt":"2020-12-10T16:42:51","guid":{"rendered":"https:\/\/eurotecsrl.beprime.it\/processo-produttivo\/"},"modified":"2022-03-11T17:32:16","modified_gmt":"2022-03-11T16:32:16","slug":"produktionsprozess","status":"publish","type":"page","link":"https:\/\/www.eurotecsrl.it\/de\/produktionsprozess\/","title":{"rendered":"Produktionsprozess"},"content":{"rendered":"\t\t<div data-elementor-type=\"wp-page\" data-elementor-id=\"11369\" class=\"elementor elementor-11369 elementor-8129\" data-elementor-settings=\"[]\">\n\t\t\t\t\t\t<div class=\"elementor-inner\">\n\t\t\t\t\t\t\t<div class=\"elementor-section-wrap\">\n\t\t\t\t\t\t\t<section class=\"elementor-section elementor-top-section elementor-element elementor-element-967c3b2 elementor-section-stretched elementor-section-full_width elementor-section-height-default elementor-section-height-default\" data-id=\"967c3b2\" data-element_type=\"section\" data-settings=\"{&quot;stretch_section&quot;:&quot;section-stretched&quot;}\">\n\t\t\t\t\t\t<div class=\"elementor-container elementor-column-gap-no\">\n\t\t\t\t\t\t\t<div class=\"elementor-row\">\n\t\t\t\t\t<div class=\"elementor-column elementor-col-100 elementor-top-column elementor-element elementor-element-00da95a\" data-id=\"00da95a\" data-element_type=\"column\">\n\t\t\t<div class=\"elementor-column-wrap elementor-element-populated\">\n\t\t\t\t\t\t\t<div class=\"elementor-widget-wrap\">\n\t\t\t\t\t\t<div class=\"elementor-element elementor-element-05b3df2 elementor-widget elementor-widget-r-energy-page-hero-section\" data-id=\"05b3df2\" data-element_type=\"widget\" data-widget_type=\"r-energy-page-hero-section.default\">\n\t\t\t\t<div class=\"elementor-widget-container\">\n\t\t\t<div class=\"promo-primary\"><div class=\"overlay\"><\/div><picture><source srcset=\"https:\/\/www.eurotecsrl.it\/wp-content\/uploads\/2020\/12\/eurotec-processo.jpg\" media=\"(min-width: 992px)\"\/><img class=\"img-bg\" src=\"https:\/\/www.eurotecsrl.it\/wp-content\/uploads\/2020\/12\/eurotec-processo.jpg\" alt=\"eurotec-processo.jpg\"\/><\/picture><div class=\"container\"><div class=\"row\"><div class=\"col-12\"><div class=\"align-container\"><div class=\"align-item\"><span class=\"site__name\">Eurotec srl<\/span><h1 class=\"title\">Produktionsprozess<\/h1><div class=\"nt-breadcrumbs\"><ul class=\"nt-breadcrumbs-list\"><li class=\"bitem\"><span><a class=\"breadcrumbs__link\" href=\"https:\/\/www.eurotecsrl.it\/de\/\"><span>Home<\/span><\/a><\/span><\/li><\/ul><\/div><\/div><\/div><\/div><\/div><\/div><\/div>\t\t<\/div>\n\t\t\t\t<\/div>\n\t\t\t\t\t\t<\/div>\n\t\t\t\t\t<\/div>\n\t\t<\/div>\n\t\t\t\t\t\t\t\t<\/div>\n\t\t\t\t\t<\/div>\n\t\t<\/section>\n\t\t\t\t<div class=\"elementor-section elementor-top-section elementor-element elementor-element-8ea518f elementor-section-stretched elementor-section-full_width nt-section section no-padding-bottom elementor-section-height-default elementor-section-height-default\" data-id=\"8ea518f\" data-element_type=\"section\" data-settings=\"{&quot;stretch_section&quot;:&quot;section-stretched&quot;}\">\n\t\t\t\t\t\t<div class=\"elementor-container elementor-column-gap-no\">\n\t\t\t\t\t\t\t<div class=\"elementor-row\">\n\t\t\t\t\t<div class=\"elementor-column elementor-col-100 elementor-top-column elementor-element elementor-element-633b187\" data-id=\"633b187\" data-element_type=\"column\">\n\t\t\t<div class=\"elementor-column-wrap elementor-element-populated\">\n\t\t\t\t\t\t\t<div class=\"elementor-widget-wrap\">\n\t\t\t\t\t\t<div class=\"elementor-element elementor-element-cc73aa0 elementor-widget elementor-widget-r-energy-section-heading\" data-id=\"cc73aa0\" data-element_type=\"widget\" data-widget_type=\"r-energy-section-heading.default\">\n\t\t\t\t<div class=\"elementor-widget-container\">\n\t\t\t<div class=\"heading primary-heading\"><h5 class=\"subtitle\"><span>Der Produktionsprozess bei<\/span> <span style=\"color:#e30613\">Eurotec<\/span><\/h5><\/div>\t\t<\/div>\n\t\t\t\t<\/div>\n\t\t\t\t<div class=\"elementor-section elementor-inner-section elementor-element elementor-element-67880b1 elementor-section-boxed elementor-section-height-default elementor-section-height-default\" data-id=\"67880b1\" data-element_type=\"section\">\n\t\t\t\t\t\t<div class=\"elementor-container elementor-column-gap-no\">\n\t\t\t\t\t\t\t<div class=\"elementor-row\">\n\t\t\t\t\t<div class=\"elementor-column elementor-col-100 elementor-inner-column elementor-element elementor-element-ada9b95\" data-id=\"ada9b95\" data-element_type=\"column\">\n\t\t\t<div class=\"elementor-column-wrap\">\n\t\t\t\t\t\t\t<div class=\"elementor-widget-wrap\">\n\t\t\t\t\t\t\t\t<\/div>\n\t\t\t\t\t<\/div>\n\t\t<\/div>\n\t\t\t\t\t\t\t\t<\/div>\n\t\t\t\t\t<\/div>\n\t\t<\/div>\n\t\t\t\t<div class=\"elementor-section elementor-inner-section elementor-element elementor-element-927763e elementor-section-boxed elementor-section-height-default elementor-section-height-default\" data-id=\"927763e\" data-element_type=\"section\">\n\t\t\t\t\t\t<div class=\"elementor-container elementor-column-gap-no\">\n\t\t\t\t\t\t\t<div class=\"elementor-row\">\n\t\t\t\t\t<div class=\"elementor-column elementor-col-100 elementor-inner-column elementor-element elementor-element-2f9cc4e\" data-id=\"2f9cc4e\" data-element_type=\"column\">\n\t\t\t<div class=\"elementor-column-wrap elementor-element-populated\">\n\t\t\t\t\t\t\t<div class=\"elementor-widget-wrap\">\n\t\t\t\t\t\t<div class=\"elementor-element elementor-element-64323db elementor-widget elementor-widget-r-energy-features-one-section\" data-id=\"64323db\" data-element_type=\"widget\" data-widget_type=\"r-energy-features-one-section.default\">\n\t\t\t\t<div class=\"elementor-widget-container\">\n\t\t\t<div class=\"features\"><div class=\"container\"><div class=\"row no-gutters features-item\"><div class=\"col-lg-6 column\"><div class=\"img-holder\"><img class=\"img-bg\" src=\"http:\/\/www.eurotecsrl.it\/wp-content\/uploads\/2022\/03\/processo-01-de.jpg\" alt=\"processo-01-de.jpg\"\/><\/div><\/div><div class=\"col-lg-6 column\"><div class=\"text-holder\"><h3 class=\"title\">Rahmen<\/h3><p>Der Rahmen wird aus Zinkblech, Edelstahl 304\/316, Kupfer, Aluminium, Messing oder gebeiztem Eisenblech gefertigt und so konstruiert, dass die Lamellen und Kr\u00fcmmer wirksam gesch\u00fctzt sind. Die \u00d6ffnungen der Rohre in der Rohrplatte werden mit einer Lagerung aus demselben Material wie dem der Lamellen versehen, so dass Rohrf\u00fchrungen entstehen, die einen freien Sitz der Rohre erm\u00f6glichen und eventuelle Einschnitte oder Br\u00fcche durch thermische Ausdehnungen verhindern.<\/p><\/div><\/div><\/div><div class=\"row no-gutters features-item\"><div class=\"col-lg-6 column\"><div class=\"img-holder\"><img class=\"img-bg\" src=\"http:\/\/www.eurotecsrl.it\/wp-content\/uploads\/2022\/03\/processo-02-de.jpg\" alt=\"processo-02-de.jpg\"\/><\/div><\/div><div class=\"col-lg-6 column\"><div class=\"text-holder\"><h3 class=\"title\">Lamellenpaket<\/h3><p>Das Lamellenpaket besteht aus Lamellen, deren Materialien aus unserem Kalkulationsprogramm ausgew\u00e4hlt werden k\u00f6nnen. Die Lamellen erhalten Schellen unterschiedlicher H\u00f6he, die den Lamellenabstand bestimmen. Ihre Oberfl\u00e4che ist gewellt, um die Stabilit\u00e4t zu erh\u00f6hen und eine Bewegung der Luft herbeizuf\u00fchren, die den W\u00e4rmeaustauschkoeffizienten erh\u00f6ht. Au\u00dferdem verhindert diese Art von Oberfl\u00e4che, dass sich im Lamellenpaket Staub ansammelt, und erleichtert die Ableitung des Kondenswassers.<\/p><a class=\"with--line\" href=\"\/de\/waermetauscher\/\"><span>W\u00e4rmetauscher<\/span><\/a><\/div><\/div><\/div><\/div><\/div>\t\t<\/div>\n\t\t\t\t<\/div>\n\t\t\t\t\t\t<\/div>\n\t\t\t\t\t<\/div>\n\t\t<\/div>\n\t\t\t\t\t\t\t\t<\/div>\n\t\t\t\t\t<\/div>\n\t\t<\/div>\n\t\t\t\t<div class=\"elementor-section elementor-inner-section elementor-element elementor-element-3bc18ab elementor-section-boxed elementor-section-height-default elementor-section-height-default\" data-id=\"3bc18ab\" data-element_type=\"section\">\n\t\t\t\t\t\t<div class=\"elementor-container elementor-column-gap-no\">\n\t\t\t\t\t\t\t<div class=\"elementor-row\">\n\t\t\t\t\t<div class=\"elementor-column elementor-col-100 elementor-inner-column elementor-element elementor-element-a0e7354\" data-id=\"a0e7354\" data-element_type=\"column\">\n\t\t\t<div class=\"elementor-column-wrap elementor-element-populated\">\n\t\t\t\t\t\t\t<div class=\"elementor-widget-wrap\">\n\t\t\t\t\t\t<div class=\"elementor-element elementor-element-63eb57f elementor-widget elementor-widget-r-energy-features-one-section\" data-id=\"63eb57f\" data-element_type=\"widget\" data-widget_type=\"r-energy-features-one-section.default\">\n\t\t\t\t<div class=\"elementor-widget-container\">\n\t\t\t<div class=\"features\"><div class=\"container\"><div class=\"row no-gutters features-item\"><div class=\"col-lg-6 column\"><div class=\"img-holder\"><img class=\"img-bg\" src=\"http:\/\/www.eurotecsrl.it\/wp-content\/uploads\/2022\/03\/processo-03-de.jpg\" alt=\"processo-03-de.jpg\"\/><\/div><\/div><div class=\"col-lg-6 column\"><div class=\"text-holder\"><h3 class=\"title\">Rohre<\/h3><p>Wir bieten diverse Rohrtypen, sowohl in Bezug auf den Querschnitt als auch auf die interne Oberfl\u00e4che. Auf diese Weise kann der W\u00e4rmetauscher bestm\u00f6glich an die gew\u00fcnschte Anwendung angepasst werden. Ein verzinntes Rohr ist korrosionsbest\u00e4ndig, w\u00e4hrend ein geripptes Rohr einen sehr viel h\u00f6heren W\u00e4rmeaustausch als ein Rohr mit glatter Innenfl\u00e4che bietet. Die Rohre f\u00fcr W\u00e4rmetauscher mit einer Lamellenl\u00e4nge von max. 4.000 mm werden mit einem Rohrbieger oder \u2013 im Fall von l\u00e4ngeren Lamellen \u2013 einer Richt- und Schneidemaschine realisiert. Besonders gro\u00dfe Aufmerksamkeit widmet Eurotec der Phase der mechanischen Ausdehnung der Rohre, die perfekten Kontakt mit den Lamellen haben m\u00fcssen, um den W\u00e4rmeaustausch zu optimieren.<\/p><\/div><\/div><\/div><div class=\"row no-gutters features-item\"><div class=\"col-lg-6 column\"><div class=\"img-holder\"><img class=\"img-bg\" src=\"http:\/\/www.eurotecsrl.it\/wp-content\/uploads\/2022\/03\/processo-04-de.jpg\" alt=\"processo-04-de.jpg\"\/><\/div><\/div><div class=\"col-lg-6 column\"><div class=\"text-holder\"><h3 class=\"title\">Kollektoren<\/h3><p>Die Kollektoren der W\u00e4rmetauscher werden intern aus Kupfer gefertigt, und zwar in einem Bearbeitungszentrum und mit einer K\u00fcmpelmaschine der neuesten Generation. Die gegen\u00fcberliegenden Enden der Kollektoren erhalten dann je nach Funktionstyp des W\u00e4rmetauschers eine unterschiedliche Konfiguration.<\/p><\/div><\/div><\/div><div class=\"row no-gutters features-item\"><div class=\"col-lg-6 column\"><div class=\"img-holder\"><img class=\"img-bg\" src=\"http:\/\/www.eurotecsrl.it\/wp-content\/uploads\/2022\/03\/processo-05-de.jpg\" alt=\"processo-05-de.jpg\"\/><\/div><\/div><div class=\"col-lg-6 column\"><div class=\"text-holder\"><h3 class=\"title\">Schwei\u00dfung<\/h3><p>EUROTEC setzt spezialisierte und zertifizierte Facharbeiter f\u00fcr die Schwei\u00dfl\u00f6tung ein. Die Schwei\u00dfl\u00f6tung ist ein Prozess, der die Verbindung verschiedener Arten von Metallmaterialien erm\u00f6glicht und allein auf der Schmelzung und H\u00e4rtung des L\u00f6tmaterials beruht.<\/p><\/div><\/div><\/div><div class=\"row no-gutters features-item\"><div class=\"col-lg-6 column\"><div class=\"img-holder\"><img class=\"img-bg\" src=\"http:\/\/www.eurotecsrl.it\/wp-content\/uploads\/2022\/03\/processo-06-de.jpg\" alt=\"processo-06-de.jpg\"\/><\/div><\/div><div class=\"col-lg-6 column\"><div class=\"text-holder\"><h3 class=\"title\">Abnahme<\/h3><p>Vor dem Versand wird jeder unserer W\u00e4rmetauscher strengen Dichtheitspr\u00fcfungen unterzogen. Eurotec verf\u00fcgt \u00fcber ein Becken, in dem all unsere Produkte bei einem variablen Druck zwischen 20 und 55 bar getestet werden. Alle auf Freon-Basis funktionierenden W\u00e4rmetauscher werden hermetisch verschlossen und mit Stickstoff gef\u00fcllt ausgeliefert.<\/p><\/div><\/div><\/div><div class=\"row no-gutters features-item\"><div class=\"col-lg-6 column\"><div class=\"img-holder\"><img class=\"img-bg\" src=\"http:\/\/www.eurotecsrl.it\/wp-content\/uploads\/2022\/03\/processo-07-de.jpg\" alt=\"processo-07-de.jpg\"\/><\/div><\/div><div class=\"col-lg-6 column\"><div class=\"text-holder\"><h3 class=\"title\">Verpackung<\/h3><p>F\u00fcr Standardlieferungen nutzen wir ma\u00dfgeschneiderte Paletten, auf denen das Produkt ordnungsgem\u00e4\u00df befestigt und verpackt wird. Auf Anfrage k\u00f6nnen wir Schutzk\u00e4fige aus Holz liefern, mit der M\u00f6glichkeit, auch f\u00fcr den ISPM15 FAO Standard f\u00fcr den Export zu sorgen.<\/p><\/div><\/div><\/div><\/div><\/div>\t\t<\/div>\n\t\t\t\t<\/div>\n\t\t\t\t\t\t<\/div>\n\t\t\t\t\t<\/div>\n\t\t<\/div>\n\t\t\t\t\t\t\t\t<\/div>\n\t\t\t\t\t<\/div>\n\t\t<\/div>\n\t\t\t\t\t\t<\/div>\n\t\t\t\t\t<\/div>\n\t\t<\/div>\n\t\t\t\t\t\t\t\t<\/div>\n\t\t\t\t\t<\/div>\n\t\t<\/div>\n\t\t\t\t<section class=\"elementor-section elementor-top-section elementor-element elementor-element-b2c2fcc elementor-section-height-min-height elementor-section-boxed elementor-section-height-default elementor-section-items-middle\" data-id=\"b2c2fcc\" data-element_type=\"section\">\n\t\t\t\t\t\t<div class=\"elementor-container elementor-column-gap-default\">\n\t\t\t\t\t\t\t<div class=\"elementor-row\">\n\t\t\t\t\t<div class=\"elementor-column elementor-col-100 elementor-top-column elementor-element elementor-element-4315d83\" data-id=\"4315d83\" data-element_type=\"column\">\n\t\t\t<div class=\"elementor-column-wrap\">\n\t\t\t\t\t\t\t<div class=\"elementor-widget-wrap\">\n\t\t\t\t\t\t\t\t<\/div>\n\t\t\t\t\t<\/div>\n\t\t<\/div>\n\t\t\t\t\t\t\t\t<\/div>\n\t\t\t\t\t<\/div>\n\t\t<\/section>\n\t\t\t\t\t\t<\/div>\n\t\t\t\t\t\t<\/div>\n\t\t\t\t\t<\/div>\n\t\t","protected":false},"excerpt":{"rendered":"<p>Eurotec srl Produktionsprozess Home Der Produktionsprozess bei Eurotec Rahmen Der Rahmen wird aus Zinkblech, Edelstahl 304\/316, Kupfer, Aluminium, Messing oder gebeiztem Eisenblech gefertigt und so konstruiert, dass die Lamellen und Kr\u00fcmmer wirksam gesch\u00fctzt sind. Die \u00d6ffnungen der Rohre in der Rohrplatte werden mit einer Lagerung aus demselben Material wie dem der Lamellen versehen, so dass&#8230;<\/p>\n","protected":false},"author":1,"featured_media":0,"parent":0,"menu_order":0,"comment_status":"closed","ping_status":"closed","template":"r-energy-elementor-page.php","meta":[],"acf":[],"_links":{"self":[{"href":"https:\/\/www.eurotecsrl.it\/de\/wp-json\/wp\/v2\/pages\/11369"}],"collection":[{"href":"https:\/\/www.eurotecsrl.it\/de\/wp-json\/wp\/v2\/pages"}],"about":[{"href":"https:\/\/www.eurotecsrl.it\/de\/wp-json\/wp\/v2\/types\/page"}],"author":[{"embeddable":true,"href":"https:\/\/www.eurotecsrl.it\/de\/wp-json\/wp\/v2\/users\/1"}],"replies":[{"embeddable":true,"href":"https:\/\/www.eurotecsrl.it\/de\/wp-json\/wp\/v2\/comments?post=11369"}],"version-history":[{"count":11,"href":"https:\/\/www.eurotecsrl.it\/de\/wp-json\/wp\/v2\/pages\/11369\/revisions"}],"predecessor-version":[{"id":11482,"href":"https:\/\/www.eurotecsrl.it\/de\/wp-json\/wp\/v2\/pages\/11369\/revisions\/11482"}],"wp:attachment":[{"href":"https:\/\/www.eurotecsrl.it\/de\/wp-json\/wp\/v2\/media?parent=11369"}],"curies":[{"name":"wp","href":"https:\/\/api.w.org\/{rel}","templated":true}]}}