
{"id":11352,"date":"2021-06-23T09:55:23","date_gmt":"2021-06-23T07:55:23","guid":{"rendered":"https:\/\/eurotecsrl.beprime.it\/recupero-con-batterie-ad-alta-efficienza\/"},"modified":"2024-10-15T08:06:10","modified_gmt":"2024-10-15T06:06:10","slug":"rekuperation-mit-hochleistungs-waermetauscher","status":"publish","type":"page","link":"https:\/\/www.eurotecsrl.it\/de\/rekuperation-mit-hochleistungs-waermetauscher\/","title":{"rendered":"Rekuperation mit Hochleistungs-W\u00e4rmetauscher"},"content":{"rendered":"\t\t<div data-elementor-type=\"wp-page\" data-elementor-id=\"11352\" class=\"elementor elementor-11352 elementor-9775\" data-elementor-settings=\"[]\">\n\t\t\t\t\t\t<div class=\"elementor-inner\">\n\t\t\t\t\t\t\t<div class=\"elementor-section-wrap\">\n\t\t\t\t\t\t\t<section class=\"elementor-section elementor-top-section elementor-element elementor-element-fbc6063 elementor-section-stretched elementor-section-full_width elementor-section-height-default elementor-section-height-default\" data-id=\"fbc6063\" data-element_type=\"section\" data-settings=\"{&quot;stretch_section&quot;:&quot;section-stretched&quot;}\">\n\t\t\t\t\t\t<div class=\"elementor-container elementor-column-gap-no\">\n\t\t\t\t\t\t\t<div class=\"elementor-row\">\n\t\t\t\t\t<div class=\"elementor-column elementor-col-100 elementor-top-column elementor-element elementor-element-678e132\" data-id=\"678e132\" data-element_type=\"column\">\n\t\t\t<div class=\"elementor-column-wrap elementor-element-populated\">\n\t\t\t\t\t\t\t<div class=\"elementor-widget-wrap\">\n\t\t\t\t\t\t<div class=\"elementor-element elementor-element-7834f3c elementor-widget elementor-widget-r-energy-page-hero-section\" data-id=\"7834f3c\" data-element_type=\"widget\" data-widget_type=\"r-energy-page-hero-section.default\">\n\t\t\t\t<div class=\"elementor-widget-container\">\n\t\t\t<div class=\"promo-primary\"><div class=\"overlay\"><\/div><picture><source srcset=\"https:\/\/www.eurotecsrl.it\/wp-content\/uploads\/2020\/12\/eurotec-prodotto-1.jpg\" media=\"(min-width: 992px)\"\/><img class=\"img-bg\" src=\"https:\/\/www.eurotecsrl.it\/wp-content\/uploads\/2020\/12\/eurotec-prodotto-1.jpg\" alt=\"eurotec-prodotto-1.jpg\"\/><\/picture><div class=\"container\"><div class=\"row\"><div class=\"col-12\"><div class=\"align-container\"><div class=\"align-item\"><span class=\"site__name\">Eurotec srl<\/span><h1 class=\"title\">Rekuperation mit Hochleistungs-W\u00e4rmetauscher<\/h1><div class=\"nt-breadcrumbs\"><ul class=\"nt-breadcrumbs-list\"><li class=\"bitem\"><span><a class=\"breadcrumbs__link\" href=\"https:\/\/www.eurotecsrl.it\/de\/\"><span>Home<\/span><\/a><\/span><\/li><\/ul><\/div><\/div><\/div><\/div><\/div><\/div><\/div>\t\t<\/div>\n\t\t\t\t<\/div>\n\t\t\t\t\t\t<\/div>\n\t\t\t\t\t<\/div>\n\t\t<\/div>\n\t\t\t\t\t\t\t\t<\/div>\n\t\t\t\t\t<\/div>\n\t\t<\/section>\n\t\t\t\t<div class=\"elementor-section elementor-top-section elementor-element elementor-element-802ad21 elementor-section-stretched elementor-section-full_width elementor-section-height-default elementor-section-height-default\" data-id=\"802ad21\" data-element_type=\"section\" data-settings=\"{&quot;stretch_section&quot;:&quot;section-stretched&quot;,&quot;background_background&quot;:&quot;classic&quot;}\">\n\t\t\t\t\t\t<div class=\"elementor-container elementor-column-gap-no\">\n\t\t\t\t\t\t\t<div class=\"elementor-row\">\n\t\t\t\t\t<div class=\"elementor-column elementor-col-100 elementor-top-column elementor-element elementor-element-7571c60\" data-id=\"7571c60\" data-element_type=\"column\">\n\t\t\t<div class=\"elementor-column-wrap elementor-element-populated\">\n\t\t\t\t\t\t\t<div class=\"elementor-widget-wrap\">\n\t\t\t\t\t\t<section class=\"elementor-section elementor-inner-section elementor-element elementor-element-a4aa2cc elementor-section-boxed elementor-section-height-default elementor-section-height-default\" data-id=\"a4aa2cc\" data-element_type=\"section\">\n\t\t\t\t\t\t<div class=\"elementor-container elementor-column-gap-default\">\n\t\t\t\t\t\t\t<div class=\"elementor-row\">\n\t\t\t\t\t<div class=\"elementor-column elementor-col-100 elementor-inner-column elementor-element elementor-element-2e57a52\" data-id=\"2e57a52\" data-element_type=\"column\">\n\t\t\t<div class=\"elementor-column-wrap elementor-element-populated\">\n\t\t\t\t\t\t\t<div class=\"elementor-widget-wrap\">\n\t\t\t\t\t\t<div class=\"elementor-element elementor-element-586797e elementor-widget elementor-widget-text-editor\" data-id=\"586797e\" data-element_type=\"widget\" data-widget_type=\"text-editor.default\">\n\t\t\t\t<div class=\"elementor-widget-container\">\n\t\t\t\t\t<div class=\"elementor-text-editor elementor-clearfix\"><h2><span style=\"color: #e30613; margin-right: 8px;\">.<\/span>Intelligente Energie-Rekuperation<\/h2><p>Die Anforderungen an die Technologien f\u00fcr Klimaanlagen sind ebenso anspruchsvoll wie die technischen Konstruktionskonzepte. Moderne Klimaanlagen sollten nachhaltig im Sinne der Ressourcen und effizient im energetischen Sinne sein. Mit dem Ziel, den Energieverbrauch langfristig auf ein Minimum zu reduzieren, ohne den Komfort zu opfern. Die Einhaltung s\u00e4mtlicher Gesetze, Richtlinien und Regelungen ist das Ma\u00dfe f\u00fcr alle Dinge.<\/p><p>Das klassische System mit geschlossenem Kreislauf und relativ geringer Effizienz wurde mit Hilfe einer optimierten Auswahl der Komponenten f\u00fcr eine leistungsf\u00e4hige Rekuperation von Energie und niedrige Druckverluste auf der Luftseite weiterentwickelt.<br \/>Das innovative System bietet eine hochgradig leistungsf\u00e4hige Technologie f\u00fcr die Rekuperation von Energie in den zirkul\u00e4ren Netzen f\u00fcr Zufuhr- und Abluftsysteme, die r\u00e4umlich getrennt sind.<\/p><p><img loading=\"lazy\" class=\"aligncenter wp-image-7990 size-full\" src=\"http:\/\/www.eurotecsrl.it\/wp-content\/uploads\/2020\/12\/hp-slide-3.jpg\" alt=\"\" width=\"1630\" height=\"980\" srcset=\"https:\/\/www.eurotecsrl.it\/wp-content\/uploads\/2020\/12\/hp-slide-3.jpg 1630w, https:\/\/www.eurotecsrl.it\/wp-content\/uploads\/2020\/12\/hp-slide-3-300x180.jpg 300w, https:\/\/www.eurotecsrl.it\/wp-content\/uploads\/2020\/12\/hp-slide-3-1024x616.jpg 1024w, https:\/\/www.eurotecsrl.it\/wp-content\/uploads\/2020\/12\/hp-slide-3-768x462.jpg 768w, https:\/\/www.eurotecsrl.it\/wp-content\/uploads\/2020\/12\/hp-slide-3-1536x923.jpg 1536w, https:\/\/www.eurotecsrl.it\/wp-content\/uploads\/2020\/12\/hp-slide-3-600x361.jpg 600w\" sizes=\"(max-width: 1630px) 100vw, 1630px\" \/><\/p><p>In einem geschlossenen Kreislauf wird eine Mittlerfl\u00fcssigkeit \u00fcber eine Pumpe zwischen zwei oder mehr hochleistungsf\u00e4higen W\u00e4rmetauschern zur Zirkulation gebracht. Die von dem w\u00e4rmeren Luftfluss an einen W\u00e4rmetauscher abgegebene W\u00e4rme wird von der Mittlerfl\u00fcssigkeit zum anderen W\u00e4rmetauscher transportiert und von diesem an den k\u00e4lteren Luftfluss abgegeben. Dieses System erm\u00f6glicht so die Rekuperation der W\u00e4rme von mehreren, voneinander entfernten Quellen und es besteht keine Notwendigkeit, die Immissionsluftaufnahme und die Abgabe der Abluft nahe beieinander anzuordnen. Dank der vollst\u00e4ndigen physischen Trennung zwischen den zwei Fl\u00fcssen und dem daraus folgenden Ausschluss jeglicher Verunreinigung sind diese Systeme f\u00fcr Anwendungsbereiche wie Krankenh\u00e4user, OP-S\u00e4le, Reinr\u00e4ume, Labore und im Lebensmittelbereich geeignet, wo sehr hohe Hygieneanforderungen gelten. Sie eigenen sich aber auch im Rahmen der Industrieluft-Technologien f\u00fcr die Rekuperation von Energie aus Prozessw\u00e4rme und f\u00fcr die Rekuperation von Energie aus Abgasen.<\/p><p>\u00dcber unser hydraulisches System Flowbox wird die im Luftfluss enthaltene Energie auf den anderen Luftfluss \u00fcbertragen. Au\u00dferdem kann die f\u00fcr viele Funktionen verwendbare Heiz- oder K\u00fchlenergie in die Flowbox geleitet werden. Der Auswahl der Energiequellen sind praktisch keine Grenzen gesetzt. Insbesondere verbessern erneuerbare Energiequellen die Effizienz in erheblichem Ma\u00dfe. Um beste Effizienz zu erzielen, haben wir nicht nur in Bezug auf Energieeffizienz hochgradig optimierte Komponenten. Mit unserem Kontrollsystem haben wir auch ein intelligentes Kontrollsystem f\u00fcr das Netzwerk und die \u00dcberwachung aller einzelnen Komponenten. Mit unserem Kontrollsystem optimieren wir die Effizienz, reduzieren aber langfristig auch die Kosten.<\/p><\/div>\n\t\t\t\t<\/div>\n\t\t\t\t<\/div>\n\t\t\t\t\t\t<\/div>\n\t\t\t\t\t<\/div>\n\t\t<\/div>\n\t\t\t\t\t\t\t\t<\/div>\n\t\t\t\t\t<\/div>\n\t\t<\/section>\n\t\t\t\t\t\t<\/div>\n\t\t\t\t\t<\/div>\n\t\t<\/div>\n\t\t\t\t\t\t\t\t<\/div>\n\t\t\t\t\t<\/div>\n\t\t<\/div>\n\t\t\t\t<div class=\"elementor-section elementor-top-section elementor-element elementor-element-e83fd1f elementor-section-full_width nt-section section no-padding-bottom elementor-section-height-default elementor-section-height-default\" data-id=\"e83fd1f\" data-element_type=\"section\">\n\t\t\t\t\t\t<div class=\"elementor-container elementor-column-gap-no\">\n\t\t\t\t\t\t\t<div class=\"elementor-row\">\n\t\t\t\t\t<div class=\"elementor-column elementor-col-100 elementor-top-column elementor-element elementor-element-1ce2b3f\" data-id=\"1ce2b3f\" data-element_type=\"column\">\n\t\t\t<div class=\"elementor-column-wrap elementor-element-populated\">\n\t\t\t\t\t\t\t<div class=\"elementor-widget-wrap\">\n\t\t\t\t\t\t<div class=\"elementor-element elementor-element-e480a22 elementor-widget elementor-widget-r-energy-product-description-section\" data-id=\"e480a22\" data-element_type=\"widget\" data-widget_type=\"r-energy-product-description-section.default\">\n\t\t\t\t<div class=\"elementor-widget-container\">\n\t\t\t<div class=\"description-item hidecolor\"><div class=\"container\"><div class=\"row align-items-center\"><div class=\"col-lg-5 col-md-5\"><div class=\"description-item__img\"><img src=\"https:\/\/www.eurotecsrl.it\/wp-content\/uploads\/2021\/10\/KVS-Gesamt-scaled.jpg\" alt=\"\"><\/div><\/div><div class=\"col-lg-6 offset-xl-1 col-md-7\"><div class=\"align-container\"><div class=\"align-item\"><div class=\"heading primary-heading\"><h5 class=\"subtitle\"><span>Energie<\/span> <span style=\"color:#e30613;\">in Bewegung.<\/span><\/h5><\/div><p><img loading=\"lazy\" class=\"center-product-logo aligncenter wp-image-9823\" src=\"http:\/\/www.eurotecsrl.it\/wp-content\/uploads\/2021\/06\/Alpha-flow-4-300x203.jpg\" alt=\"\" width=\"200\" height=\"135\" srcset=\"https:\/\/www.eurotecsrl.it\/wp-content\/uploads\/2021\/06\/Alpha-flow-4-300x203.jpg 300w, https:\/\/www.eurotecsrl.it\/wp-content\/uploads\/2021\/06\/Alpha-flow-4-1024x694.jpg 1024w, https:\/\/www.eurotecsrl.it\/wp-content\/uploads\/2021\/06\/Alpha-flow-4-768x520.jpg 768w, https:\/\/www.eurotecsrl.it\/wp-content\/uploads\/2021\/06\/Alpha-flow-4-1536x1040.jpg 1536w, https:\/\/www.eurotecsrl.it\/wp-content\/uploads\/2021\/06\/Alpha-flow-4-2048x1387.jpg 2048w\" sizes=\"(max-width: 200px) 100vw, 200px\" \/>Unser Hydraulikmodul ist ein System, das mit allen Einzelheiten ausgestattet ist, um einen Betrieb mit hoher Effizienz in Bezug auf die Energieeinsparung zu gew\u00e4hrleisten. Alle Komponenten werden auf der Grundlage von Energiekriterien ausgew\u00e4hlt:<\/p><ul><li><strong>Pumpen mit kontrollierter Geschwindigkeit<\/strong> mit Frequenzumformer und optionaler Redundanzpumpe<\/li><li><strong>W\u00e4rmetauscher<\/strong> f\u00fcr eine zus\u00e4tzliche Lieferung von W\u00e4rme und K\u00e4lte aus diversen Energiequellen<\/li><li><strong>Adiabate Luftk\u00fchlung<\/strong> (in der Abluft)<\/li><li><strong>W\u00e4rmepumpe<\/strong><\/li><li>S\u00e4mtliche erforderlichen <strong>Anschl\u00fcsse<\/strong> wie: Abschaltventile, Kontrollventile, \u00dcberdruck-Sicherheitsventile, Druck\u00fcberwachung, automatische Zufuhr, Flussmonitor, Schmutzfilter, W\u00e4rmemesser, Druckmesser, Thermometer, Gefrierschutz<\/li><li><strong>Komplette Rohrsysteme<\/strong>: verzinkt, Edelstahl oder Kupfer, optionale Isolierung mit Blechverkleidung<\/li><li><strong>Steuerschrank<\/strong> mit montierter und verkabelter Steuerung<\/li><li><strong>Rahmen<\/strong> als Grundlage f\u00fcr den Einbau aller Komponenten<\/li><li>Schallged\u00e4mmte Struktur (fakultativ)<\/li><li>Witterungsbest\u00e4ndige Struktur (optional)<\/li><\/ul><p>Alle Komponenten werden nach dem jeweiligen Bedarf und den Notwendigkeiten dimensioniert und installiert.<\/p><\/div><\/div><\/div><\/div><\/div><\/div>\t\t<\/div>\n\t\t\t\t<\/div>\n\t\t\t\t\t\t<\/div>\n\t\t\t\t\t<\/div>\n\t\t<\/div>\n\t\t\t\t\t\t\t\t<\/div>\n\t\t\t\t\t<\/div>\n\t\t<\/div>\n\t\t\t\t<section class=\"elementor-section elementor-top-section elementor-element elementor-element-8bb4295 elementor-section-boxed elementor-section-height-default elementor-section-height-default\" data-id=\"8bb4295\" data-element_type=\"section\" data-settings=\"{&quot;background_background&quot;:&quot;classic&quot;}\">\n\t\t\t\t\t\t<div class=\"elementor-container elementor-column-gap-default\">\n\t\t\t\t\t\t\t<div class=\"elementor-row\">\n\t\t\t\t\t<div class=\"elementor-column elementor-col-66 elementor-top-column elementor-element elementor-element-f1a5644\" data-id=\"f1a5644\" data-element_type=\"column\">\n\t\t\t<div class=\"elementor-column-wrap elementor-element-populated\">\n\t\t\t\t\t\t\t<div class=\"elementor-widget-wrap\">\n\t\t\t\t\t\t<div class=\"elementor-element elementor-element-2f0ea87 elementor-widget elementor-widget-r-energy-cases-cpt-post-technical\" data-id=\"2f0ea87\" data-element_type=\"widget\" data-widget_type=\"r-energy-cases-cpt-post-technical.default\">\n\t\t\t\t<div class=\"elementor-widget-container\">\n\t\t\t<div class=\"cases-details\"><div class=\"technical-block\"><div class=\"row\"><div class=\"col-12\"><div class=\"title-block\"><h3 class=\"title\">Geschlossenes Kreislaufsystem<\/h3><\/div><\/div><\/div><div class=\"technical-content\"><div class=\"row\"><div class=\"col-sm-6\"><figure class=\"technical-item\"><div class=\"img-holder\"><div class=\"tech-icon icon\"><i aria-hidden=\"true\" class=\"far fa-arrow-alt-circle-down\"><\/i><\/div><\/div><\/figure><\/div><\/div><\/div><\/div><\/div>\t\t<\/div>\n\t\t\t\t<\/div>\n\t\t\t\t\t\t<\/div>\n\t\t\t\t\t<\/div>\n\t\t<\/div>\n\t\t\t\t<div class=\"elementor-column elementor-col-33 elementor-top-column elementor-element elementor-element-4d76b66\" data-id=\"4d76b66\" data-element_type=\"column\">\n\t\t\t<div class=\"elementor-column-wrap elementor-element-populated\">\n\t\t\t\t\t\t\t<div class=\"elementor-widget-wrap\">\n\t\t\t\t\t\t<div class=\"elementor-element elementor-element-4efe90f elementor-widget elementor-widget-r-energy-button\" data-id=\"4efe90f\" data-element_type=\"widget\" data-widget_type=\"r-energy-button.default\">\n\t\t\t\t<div class=\"elementor-widget-container\">\n\t\t\t<div class=\"r-energy-button has-icon w-100\"><a class=\"r-button r-button--transparent r-button--primary r-button--sm btn-icon-right w-100\" data-hover=\"Laden Sie sich die Brosch\u00fcre herunter\" href=\"http:\/\/www.eurotecsrl.it\/wp-content\/uploads\/2022\/03\/BROCHURE-EFFICIENZA.pdf\" target=\"_blank\"><span>Laden Sie sich die Brosch\u00fcre herunter <i aria-hidden=\"true\" class=\"fas fa-download\"><\/i><\/span><\/a><\/div>\t\t<\/div>\n\t\t\t\t<\/div>\n\t\t\t\t<div class=\"elementor-element elementor-element-c7e2bbe elementor-widget elementor-widget-r-energy-button\" data-id=\"c7e2bbe\" data-element_type=\"widget\" data-widget_type=\"r-energy-button.default\">\n\t\t\t\t<div class=\"elementor-widget-container\">\n\t\t\t<div class=\"r-energy-button has-icon w-100\"><a class=\"r-button r-button--transparent r-button--primary r-button--sm btn-icon-right w-100\" data-hover=\"Thermodynamische Kalkulation\" href=\"http:\/\/app.eurotecsrl.it\/download\/KVDesigner.zip\" target=\"_blank\"><span>Thermodynamische Kalkulation <i aria-hidden=\"true\" class=\"fas fa-download\"><\/i><\/span><\/a><\/div>\t\t<\/div>\n\t\t\t\t<\/div>\n\t\t\t\t<div class=\"elementor-element elementor-element-ea5ce64 elementor-widget elementor-widget-r-energy-button\" data-id=\"ea5ce64\" data-element_type=\"widget\" data-widget_type=\"r-energy-button.default\">\n\t\t\t\t<div class=\"elementor-widget-container\">\n\t\t\t<div class=\"r-energy-button has-icon w-100\"><a class=\"r-button r-button--transparent r-button--primary r-button--sm btn-icon-right w-100\" data-hover=\"Zertifizierung\" href=\"http:\/\/www.eurotecsrl.it\/wp-content\/uploads\/2022\/03\/TUV-KV.pdf\" target=\"_blank\"><span>Zertifizierung <i aria-hidden=\"true\" class=\"fas fa-download\"><\/i><\/span><\/a><\/div>\t\t<\/div>\n\t\t\t\t<\/div>\n\t\t\t\t\t\t<\/div>\n\t\t\t\t\t<\/div>\n\t\t<\/div>\n\t\t\t\t\t\t\t\t<\/div>\n\t\t\t\t\t<\/div>\n\t\t<\/section>\n\t\t\t\t<div class=\"elementor-section elementor-top-section elementor-element elementor-element-df24b91 elementor-section-full_width nt-section section no-padding-top elementor-section-height-default elementor-section-height-default\" data-id=\"df24b91\" data-element_type=\"section\">\n\t\t\t\t\t\t<div class=\"elementor-container elementor-column-gap-no\">\n\t\t\t\t\t\t\t<div class=\"elementor-row\">\n\t\t\t\t\t<div class=\"elementor-column elementor-col-100 elementor-top-column elementor-element elementor-element-1f970bd\" data-id=\"1f970bd\" data-element_type=\"column\">\n\t\t\t<div class=\"elementor-column-wrap elementor-element-populated\">\n\t\t\t\t\t\t\t<div class=\"elementor-widget-wrap\">\n\t\t\t\t\t\t<div class=\"elementor-element elementor-element-a02a64c elementor-widget elementor-widget-r-energy-product-description-section\" data-id=\"a02a64c\" data-element_type=\"widget\" data-widget_type=\"r-energy-product-description-section.default\">\n\t\t\t\t<div class=\"elementor-widget-container\">\n\t\t\t<div class=\"description-item hidecolor\"><div class=\"container\"><div class=\"row align-items-center flex-column-reverse flex-md-row\"><div class=\"col-lg-6 col-md-7\"><div class=\"align-container\"><div class=\"align-item\"><div class=\"heading primary-heading\"><h5 class=\"subtitle\"><span>Die flexible \u00dcbertragung<\/span> <span style=\"color:#e30613;\">der W\u00e4rme<\/span><\/h5><\/div><p><img loading=\"lazy\" class=\"center-product-logo aligncenter wp-image-9828\" src=\"http:\/\/www.eurotecsrl.it\/wp-content\/uploads\/2021\/06\/Alpha-Coil-4-300x203.jpg\" alt=\"\" width=\"200\" height=\"135\" srcset=\"https:\/\/www.eurotecsrl.it\/wp-content\/uploads\/2021\/06\/Alpha-Coil-4-300x203.jpg 300w, https:\/\/www.eurotecsrl.it\/wp-content\/uploads\/2021\/06\/Alpha-Coil-4-1024x694.jpg 1024w, https:\/\/www.eurotecsrl.it\/wp-content\/uploads\/2021\/06\/Alpha-Coil-4-768x520.jpg 768w, https:\/\/www.eurotecsrl.it\/wp-content\/uploads\/2021\/06\/Alpha-Coil-4-1536x1040.jpg 1536w, https:\/\/www.eurotecsrl.it\/wp-content\/uploads\/2021\/06\/Alpha-Coil-4-2048x1387.jpg 2048w\" sizes=\"(max-width: 200px) 100vw, 200px\" \/><\/p><p>Mit unseren drei erh\u00e4ltlichen Rundrohr-Geometrien sind wir in der Lage, eine sehr gro\u00dfe Vielfalt an Anwendungen in puncto Leistungen, Energieeffizienz, Dimensionen und Hygiene abzudecken.<\/p><p>Maximale Flexibilit\u00e4t: die optimale Geometrie f\u00fcr jede Anwendung. Die Ausarbeitung und korrekte Berechnung der W\u00e4rmetauscher f\u00fcr die Rekuperation geh\u00f6ren zu unseren Hauptkompetenzen.<br \/>Serienm\u00e4\u00dfig bestehen unsere W\u00e4rmetauscher aus Kupferrohren, die fest mit Aluminiumlamellen zur mechanischen Ausdehnung verbunden sind. F\u00fcr kritische Anwendungsbereiche designen wir diverse Systeme aus korrosionsbest\u00e4ndigen Beschichtungen und Materialien (einschlie\u00dflich Edelstahl).<br \/>Zur Gew\u00e4hrleistung einer h\u00f6heren Effizienz haben unsere W\u00e4rmetauscher einen zu 100 % gegenstromigen Kreislauf. Dieser Kreislauf ist ungeachtet des unkonventionellen Designs dank gekr\u00fcmmten Entl\u00fcftern und Sammelkollektoren komplett frei von Luft.<\/p><\/div><\/div><\/div><div class=\"col-lg-5 offset-xl-1 col-md-5\"><div class=\"description-item__img\"><img src=\"https:\/\/www.eurotecsrl.it\/wp-content\/uploads\/2021\/10\/KVS-Kuper-Alu-.jpg\" alt=\"\"><\/div><\/div><\/div><\/div><\/div>\t\t<\/div>\n\t\t\t\t<\/div>\n\t\t\t\t\t\t<\/div>\n\t\t\t\t\t<\/div>\n\t\t<\/div>\n\t\t\t\t\t\t\t\t<\/div>\n\t\t\t\t\t<\/div>\n\t\t<\/div>\n\t\t\t\t<div class=\"elementor-section elementor-top-section elementor-element elementor-element-5e5d77e elementor-section-full_width nt-section section no-padding-bottom elementor-section-height-default elementor-section-height-default\" data-id=\"5e5d77e\" data-element_type=\"section\">\n\t\t\t\t\t\t<div class=\"elementor-container elementor-column-gap-no\">\n\t\t\t\t\t\t\t<div class=\"elementor-row\">\n\t\t\t\t\t<div class=\"elementor-column elementor-col-100 elementor-top-column elementor-element elementor-element-6f1df4b\" data-id=\"6f1df4b\" data-element_type=\"column\">\n\t\t\t<div class=\"elementor-column-wrap\">\n\t\t\t\t\t\t\t<div class=\"elementor-widget-wrap\">\n\t\t\t\t\t\t\t\t<\/div>\n\t\t\t\t\t<\/div>\n\t\t<\/div>\n\t\t\t\t\t\t\t\t<\/div>\n\t\t\t\t\t<\/div>\n\t\t<\/div>\n\t\t\t\t<section class=\"elementor-section elementor-top-section elementor-element elementor-element-8c77645 elementor-section-boxed elementor-section-height-default elementor-section-height-default\" data-id=\"8c77645\" data-element_type=\"section\">\n\t\t\t\t\t\t<div class=\"elementor-container elementor-column-gap-default\">\n\t\t\t\t\t\t\t<div class=\"elementor-row\">\n\t\t\t\t\t<div class=\"elementor-column elementor-col-100 elementor-top-column elementor-element elementor-element-558c25a\" data-id=\"558c25a\" data-element_type=\"column\">\n\t\t\t<div class=\"elementor-column-wrap\">\n\t\t\t\t\t\t\t<div class=\"elementor-widget-wrap\">\n\t\t\t\t\t\t\t\t<\/div>\n\t\t\t\t\t<\/div>\n\t\t<\/div>\n\t\t\t\t\t\t\t\t<\/div>\n\t\t\t\t\t<\/div>\n\t\t<\/section>\n\t\t\t\t\t\t<\/div>\n\t\t\t\t\t\t<\/div>\n\t\t\t\t\t<\/div>\n\t\t","protected":false},"excerpt":{"rendered":"<p>Eurotec srl Rekuperation mit Hochleistungs-W\u00e4rmetauscher Home .Intelligente Energie-Rekuperation Die Anforderungen an die Technologien f\u00fcr Klimaanlagen sind ebenso anspruchsvoll wie die technischen Konstruktionskonzepte. Moderne Klimaanlagen sollten nachhaltig im Sinne der Ressourcen und effizient im energetischen Sinne sein. Mit dem Ziel, den Energieverbrauch langfristig auf ein Minimum zu reduzieren, ohne den Komfort zu opfern. Die Einhaltung s\u00e4mtlicher&#8230;<\/p>\n","protected":false},"author":3,"featured_media":0,"parent":0,"menu_order":0,"comment_status":"closed","ping_status":"closed","template":"r-energy-elementor-page.php","meta":[],"acf":[],"_links":{"self":[{"href":"https:\/\/www.eurotecsrl.it\/de\/wp-json\/wp\/v2\/pages\/11352"}],"collection":[{"href":"https:\/\/www.eurotecsrl.it\/de\/wp-json\/wp\/v2\/pages"}],"about":[{"href":"https:\/\/www.eurotecsrl.it\/de\/wp-json\/wp\/v2\/types\/page"}],"author":[{"embeddable":true,"href":"https:\/\/www.eurotecsrl.it\/de\/wp-json\/wp\/v2\/users\/3"}],"replies":[{"embeddable":true,"href":"https:\/\/www.eurotecsrl.it\/de\/wp-json\/wp\/v2\/comments?post=11352"}],"version-history":[{"count":27,"href":"https:\/\/www.eurotecsrl.it\/de\/wp-json\/wp\/v2\/pages\/11352\/revisions"}],"predecessor-version":[{"id":13983,"href":"https:\/\/www.eurotecsrl.it\/de\/wp-json\/wp\/v2\/pages\/11352\/revisions\/13983"}],"wp:attachment":[{"href":"https:\/\/www.eurotecsrl.it\/de\/wp-json\/wp\/v2\/media?parent=11352"}],"curies":[{"name":"wp","href":"https:\/\/api.w.org\/{rel}","templated":true}]}}